{"id":982,"date":"2017-04-24T09:22:22","date_gmt":"2017-04-24T08:22:22","guid":{"rendered":"https:\/\/www.visualactiv.com\/?page_id=982\/"},"modified":"2018-10-31T17:28:25","modified_gmt":"2018-10-31T16:28:25","slug":"2016-2","status":"publish","type":"page","link":"https:\/\/www.visualactiv.com\/pt-pt\/2016-2\/","title":{"rendered":"2016"},"content":{"rendered":"\n<style type=\"text\/css\" data-created_by=\"avia_inline_auto\" id=\"style-css-av-av_three_fourth-9497bbf8bff73ea4c6992cc17fa9ec36\">\n.flex_column.av-av_three_fourth-9497bbf8bff73ea4c6992cc17fa9ec36{\nborder-radius:0px 0px 0px 0px;\npadding:0px 0px 0px 0px;\n}\n<\/style>\n<div  class='flex_column av-av_three_fourth-9497bbf8bff73ea4c6992cc17fa9ec36 av_three_fourth  avia-builder-el-0  el_before_av_one_fourth  avia-builder-el-first  first flex_column_div av-zero-column-padding  '     ><p>\n<style type=\"text\/css\" data-created_by=\"avia_inline_auto\" id=\"style-css-av-av_heading-c23b27718fdf8db4e39ddb1a03ac8105\">\n#top .av-special-heading.av-av_heading-c23b27718fdf8db4e39ddb1a03ac8105{\npadding-bottom:20px;\ncolor:#5daedd;\n}\nbody .av-special-heading.av-av_heading-c23b27718fdf8db4e39ddb1a03ac8105 .av-special-heading-tag .heading-char{\nfont-size:25px;\n}\n.av-special-heading.av-av_heading-c23b27718fdf8db4e39ddb1a03ac8105 .special-heading-inner-border{\nborder-color:#5daedd;\n}\n.av-special-heading.av-av_heading-c23b27718fdf8db4e39ddb1a03ac8105 .av-subheading{\nfont-size:15px;\n}\n<\/style>\n<div  class='av-special-heading av-av_heading-c23b27718fdf8db4e39ddb1a03ac8105 av-special-heading-h4 custom-color-heading  avia-builder-el-1  el_before_av_video  avia-builder-el-first '><h4 class='av-special-heading-tag '  itemprop=\"headline\"  >Vid\u00e9o de Pr\u00e9sentation de notre Solution Visual Activ\u2019<\/h4><div class=\"special-heading-border\"><div class=\"special-heading-inner-border\"><\/div><\/div><\/div><br \/>\n<div  class='avia-video av-av_video-70c9722ec9165bf4a185814476e226f3 avia-video-16-9 av-no-preview-image avia-video-load-always av-lazyload-immediate av-lazyload-video-embed'  itemprop=\"video\" itemtype=\"https:\/\/schema.org\/VideoObject\"  data-original_url='https:\/\/vimeo.com\/146213700'><script type='text\/html' class='av-video-tmpl'><div class='avia-iframe-wrap'><iframe loading=\"lazy\" src=\"https:\/\/player.vimeo.com\/video\/146213700?autoplay=0&loop=0&controls=1&muted=0\" width=\"1280\" height=\"720\" frameborder=\"0\" title=\"TV Salle d&#039;attente - Pr&eacute;sentation Visual Activ&#039;\" webkitallowfullscreen mozallowfullscreen allowfullscreen><\/iframe><\/div><\/script><div class='av-click-to-play-overlay'><div class=\"avia_playpause_icon\"><\/div><\/div><\/div><\/p><\/div>\n\n<style type=\"text\/css\" data-created_by=\"avia_inline_auto\" id=\"style-css-av-av_one_fourth-9c1d454dc06f7247226bc4e8f931daae\">\n.flex_column.av-av_one_fourth-9c1d454dc06f7247226bc4e8f931daae{\nborder-radius:0px 0px 0px 0px;\npadding:0px 0px 0px 0px;\n}\n<\/style>\n<div  class='flex_column av-av_one_fourth-9c1d454dc06f7247226bc4e8f931daae av_one_fourth  avia-builder-el-3  el_after_av_three_fourth  el_before_av_section  avia-builder-el-last  flex_column_div av-zero-column-padding  '     ><p>\n<style type=\"text\/css\" data-created_by=\"avia_inline_auto\" id=\"style-css-av-av_heading-a746383c52f77c47cb6c16fb1c44306d\">\n#top .av-special-heading.av-av_heading-a746383c52f77c47cb6c16fb1c44306d{\npadding-bottom:3px;\ncolor:#5daedd;\n}\nbody .av-special-heading.av-av_heading-a746383c52f77c47cb6c16fb1c44306d .av-special-heading-tag .heading-char{\nfont-size:25px;\n}\n.av-special-heading.av-av_heading-a746383c52f77c47cb6c16fb1c44306d .special-heading-inner-border{\nborder-color:#5daedd;\n}\n.av-special-heading.av-av_heading-a746383c52f77c47cb6c16fb1c44306d .av-subheading{\nfont-size:15px;\n}\n<\/style>\n<div  class='av-special-heading av-av_heading-a746383c52f77c47cb6c16fb1c44306d av-special-heading-h4 custom-color-heading  avia-builder-el-4  el_before_av_testimonials  avia-builder-el-first '><h4 class='av-special-heading-tag '  itemprop=\"headline\"  >T\u00e9moignages<\/h4><div class=\"special-heading-border\"><div class=\"special-heading-inner-border\"><\/div><\/div><\/div><br \/>\n<div  class='avia-testimonial-wrapper av-av_testimonials-86619faa90ff2f706c4a475179c9e5f7 avia-slider-testimonials avia-slider-2-testimonials avia_animate_when_almost_visible av-slideshow-ui av-control-default av-slider-hover-pause av-slideshow-autoplay av-loop-endless av-loop-manual-endless' data-slideshow-options=\"{&quot;animation&quot;:&quot;fade&quot;,&quot;autoplay&quot;:true,&quot;loop_autoplay&quot;:&quot;endless&quot;,&quot;interval&quot;:5,&quot;loop_manual&quot;:&quot;manual-endless&quot;,&quot;autoplay_stopper&quot;:false,&quot;noNavigation&quot;:false,&quot;bg_slider&quot;:false,&quot;keep_padding&quot;:&quot;&quot;,&quot;hoverpause&quot;:true,&quot;show_slide_delay&quot;:0}\">\n<section class=\"avia-testimonial-row\"><div class='avia-testimonial av-av_testimonial_single-50f1de92def40d78430e1f7e9f900c15 avia-testimonial-row-1 avia-first-testimonial flex_column no_margin av_one_half'><div class='avia-testimonial_inner'  itemscope=\"itemscope\" itemtype=\"https:\/\/schema.org\/CreativeWork\" ><div class='avia-testimonial-content '><div class='avia-testimonial-markup-entry-content'  itemprop=\"text\" ><p>Mes patients me parlent des traitements qu\u2019ils ont vus \u00e0 l\u2019\u00e9cran en salle d\u2019attente et trouvent cela moderne avec les actualit\u00e9s en temps r\u00e9el.<br \/>\n<strong>Les plans de traitement sont mieux compris et mieux accept\u00e9s.<\/strong><\/p>\n<\/div><\/div><div class=\"avia-testimonial-meta\"><div class=\"avia-testimonial-arrow-wrap\"><div class=\"avia-arrow\"><\/div><\/div><div class='avia-testimonial-image'  itemprop=\"image\" ><img loading=\"lazy\" decoding=\"async\" width=\"180\" height=\"180\" src=\"https:\/\/www.visualactiv.com\/wp-content\/uploads\/Pierre-180x180.jpg\" class=\"attachment-square size-square\" alt=\"\" srcset=\"https:\/\/www.visualactiv.com\/wp-content\/uploads\/Pierre-180x180.jpg 180w, https:\/\/www.visualactiv.com\/wp-content\/uploads\/Pierre-80x80.jpg 80w, https:\/\/www.visualactiv.com\/wp-content\/uploads\/Pierre-36x36.jpg 36w, https:\/\/www.visualactiv.com\/wp-content\/uploads\/Pierre-120x120.jpg 120w\" sizes=\"auto, (max-width: 180px) 100vw, 180px\" \/><\/div><div class='avia-testimonial-meta-mini'  itemprop=\"author\" itemscope=\"itemscope\" itemtype=\"https:\/\/schema.org\/Person\" ><strong  class='avia-testimonial-name'  itemprop=\"name\" >Dr Pierre Bodin<\/strong><span  class='avia-testimonial-subtitle '  itemprop=\"jobTitle\" >Chirurgien-Dentiste<\/span><\/div><\/div><\/div><\/div>\n<div class='avia-testimonial av-av_testimonial_single-e5fbd4624a9c46633190a6b0bd274a72 avia-testimonial-row-1 flex_column no_margin av_one_half'><div class='avia-testimonial_inner'  itemscope=\"itemscope\" itemtype=\"https:\/\/schema.org\/CreativeWork\" ><div class='avia-testimonial-content '><div class='avia-testimonial-markup-entry-content'  itemprop=\"text\" ><p>Cet outil propos\u00e9 par Visual Activ permet aux patients d\u2019acc\u00e9der directement \u00e0 des informations sur des th\u00e9rapeutiques de traitement d\u00e8s la salle d\u2019attente. <strong>Il s\u2019ensuit lors de la consultation un gain de temps<\/strong> et une meilleure compr\u00e9hension du plan de traitement propos\u00e9.<\/p>\n<\/div><\/div><div class=\"avia-testimonial-meta\"><div class=\"avia-testimonial-arrow-wrap\"><div class=\"avia-arrow\"><\/div><\/div><div class='avia-testimonial-image'  itemprop=\"image\" ><img loading=\"lazy\" decoding=\"async\" width=\"180\" height=\"180\" src=\"https:\/\/www.visualactiv.com\/wp-content\/uploads\/Dr-Antoine-popelut-Dentiste-Ares-33-180x180.png\" class=\"attachment-square size-square\" alt=\"\" srcset=\"https:\/\/www.visualactiv.com\/wp-content\/uploads\/Dr-Antoine-popelut-Dentiste-Ares-33-180x180.png 180w, https:\/\/www.visualactiv.com\/wp-content\/uploads\/Dr-Antoine-popelut-Dentiste-Ares-33-80x80.png 80w, https:\/\/www.visualactiv.com\/wp-content\/uploads\/Dr-Antoine-popelut-Dentiste-Ares-33-300x300.png 300w, https:\/\/www.visualactiv.com\/wp-content\/uploads\/Dr-Antoine-popelut-Dentiste-Ares-33-36x36.png 36w, https:\/\/www.visualactiv.com\/wp-content\/uploads\/Dr-Antoine-popelut-Dentiste-Ares-33-120x120.png 120w, https:\/\/www.visualactiv.com\/wp-content\/uploads\/Dr-Antoine-popelut-Dentiste-Ares-33-450x450.png 450w, https:\/\/www.visualactiv.com\/wp-content\/uploads\/Dr-Antoine-popelut-Dentiste-Ares-33.png 500w\" sizes=\"auto, (max-width: 180px) 100vw, 180px\" \/><\/div><div class='avia-testimonial-meta-mini'  itemprop=\"author\" itemscope=\"itemscope\" itemtype=\"https:\/\/schema.org\/Person\" ><strong  class='avia-testimonial-name'  itemprop=\"name\" >Dr Antoine Popelut<\/strong><span  class='avia-testimonial-subtitle '  itemprop=\"jobTitle\" >Chirurgien-Dentiste<\/span><\/div><\/div><\/div><\/div>\n<div class='avia-testimonial av-av_testimonial_single-dfff00d5506bd57bc1431898049bd41e avia-testimonial-row-1 flex_column no_margin av_one_half'><div class='avia-testimonial_inner'  itemscope=\"itemscope\" itemtype=\"https:\/\/schema.org\/CreativeWork\" ><div class='avia-testimonial-content '><div class='avia-testimonial-markup-entry-content'  itemprop=\"text\" ><p>Je suis omnipraticien et pratique la chirurgie implantaire depuis 3 ans. <strong>Visual Activ\u2019 me permet de communiquer aupr\u00e8s de mes patients<\/strong> sur ces traitements propos\u00e9s au cabinet.<br \/>\nCela participe \u00e0 la croissance de mon activit\u00e9.<\/p>\n<\/div><\/div><div class=\"avia-testimonial-meta\"><div class=\"avia-testimonial-arrow-wrap\"><div class=\"avia-arrow\"><\/div><\/div><div class='avia-testimonial-image'  itemprop=\"image\" ><img loading=\"lazy\" decoding=\"async\" width=\"180\" height=\"180\" src=\"https:\/\/www.visualactiv.com\/wp-content\/uploads\/Dr-Philippe-Merat1-180x180.png\" class=\"attachment-square size-square\" alt=\"\" srcset=\"https:\/\/www.visualactiv.com\/wp-content\/uploads\/Dr-Philippe-Merat1-180x180.png 180w, https:\/\/www.visualactiv.com\/wp-content\/uploads\/Dr-Philippe-Merat1-80x80.png 80w, https:\/\/www.visualactiv.com\/wp-content\/uploads\/Dr-Philippe-Merat1-36x36.png 36w, https:\/\/www.visualactiv.com\/wp-content\/uploads\/Dr-Philippe-Merat1-120x120.png 120w, https:\/\/www.visualactiv.com\/wp-content\/uploads\/Dr-Philippe-Merat1-450x450.png 450w\" sizes=\"auto, (max-width: 180px) 100vw, 180px\" \/><\/div><div class='avia-testimonial-meta-mini'  itemprop=\"author\" itemscope=\"itemscope\" itemtype=\"https:\/\/schema.org\/Person\" ><strong  class='avia-testimonial-name'  itemprop=\"name\" >Dr Philippe M\u00e9rat<\/strong><span  class='avia-testimonial-subtitle '  itemprop=\"jobTitle\" >Chirurgien-Dentiste <\/span><\/div><\/div><\/div><\/div>\n<\/section><div class='avia-slideshow-arrows avia-slideshow-controls' ><a href='#prev' class='prev-slide  avia-svg-icon avia-font-svg_entypo-fontello' data-av_svg_icon='left-open-big' data-av_iconset='svg_entypo-fontello' tabindex='-1' title=\"Previous\"><svg version=\"1.1\" xmlns=\"http:\/\/www.w3.org\/2000\/svg\" width=\"15\" height=\"32\" viewBox=\"0 0 15 32\" preserveAspectRatio=\"xMidYMid meet\" aria-labelledby='av-svg-title-1' aria-describedby='av-svg-desc-1' role=\"graphics-symbol\" aria-hidden=\"true\">\n<title id='av-svg-title-1'>Previous<\/title>\n<desc id='av-svg-desc-1'>Previous<\/desc>\n<path d=\"M14.464 27.84q0.832 0.832 0 1.536-0.832 0.832-1.536 0l-12.544-12.608q-0.768-0.768 0-1.6l12.544-12.608q0.704-0.832 1.536 0 0.832 0.704 0 1.536l-11.456 11.904z\"><\/path>\n<\/svg><span class='avia_hidden_link_text'>Previous<\/span><\/a><a href='#next' class='next-slide  avia-svg-icon avia-font-svg_entypo-fontello' data-av_svg_icon='right-open-big' data-av_iconset='svg_entypo-fontello' tabindex='-1' title=\"Next\"><svg version=\"1.1\" xmlns=\"http:\/\/www.w3.org\/2000\/svg\" width=\"15\" height=\"32\" viewBox=\"0 0 15 32\" preserveAspectRatio=\"xMidYMid meet\" aria-labelledby='av-svg-title-2' aria-describedby='av-svg-desc-2' role=\"graphics-symbol\" aria-hidden=\"true\">\n<title id='av-svg-title-2'>Next<\/title>\n<desc id='av-svg-desc-2'>Next<\/desc>\n<path d=\"M0.416 27.84l11.456-11.84-11.456-11.904q-0.832-0.832 0-1.536 0.832-0.832 1.536 0l12.544 12.608q0.768 0.832 0 1.6l-12.544 12.608q-0.704 0.832-1.536 0-0.832-0.704 0-1.536z\"><\/path>\n<\/svg><span class='avia_hidden_link_text'>Next<\/span><\/a><\/div><\/div><br \/>\n<div  class='avia-slideshow av-av_slideshow-b630448fcc9b852ed5c8663c0325058c avia-slideshow-portfolio_small av_slideshow avia-slide-slider  avia-builder-el-6  el_after_av_testimonials  avia-builder-el-last  av-slideshow-ui av-slideshow-autoplay av-loop-endless av-loop-manual-endless av-default-height-applied avia-slideshow-1' data-slideshow-options=\"{&quot;animation&quot;:&quot;slide&quot;,&quot;autoplay&quot;:true,&quot;loop_autoplay&quot;:&quot;endless&quot;,&quot;interval&quot;:5,&quot;loop_manual&quot;:&quot;manual-endless&quot;,&quot;autoplay_stopper&quot;:false,&quot;noNavigation&quot;:false,&quot;bg_slider&quot;:false,&quot;keep_padding&quot;:false,&quot;hoverpause&quot;:false,&quot;show_slide_delay&quot;:0}\"  itemprop=\"image\" itemscope=\"itemscope\" itemtype=\"https:\/\/schema.org\/ImageObject\" ><ul class='avia-slideshow-inner ' style='padding-bottom: 71.153846153846%;'><li  data-controls='aviaTBaviaTBvideo_controls' data-mute='aviaTBaviaTBvideo_mute' data-loop='' data-disable-autoplay=''  data-video-ratio='1.7777777777778' class='avia-slideshow-slide av-av_slideshow-b630448fcc9b852ed5c8663c0325058c__0  av-video-slide  av-video-service-vimeo  av-hide-video-controls av-mute-video av-mobile-fallback-image  slide-1 slide-odd'><div data-rel='slideshow-1' class='avia-slide-wrap '   ><div class='av-click-overlay'><\/div><div class='mejs-mediaelement'  itemprop=\"video\" itemtype=\"https:\/\/schema.org\/VideoObject\" ><div data-src='\/\/player.vimeo.com\/video\/81083051?portrait=0&#038;byline=0&#038;title=0&#038;badge=0&#038;loop=0&#038;autopause=1&#038;api=1&#038;rel=0&#038;player_id=player_982_1834752_687409217&#038;color=5daedd' data-original_url='https:\/\/vimeo.com\/81083051' height='1600' width='900' class='av_vimeo_frame' id='player_982_1834752_687409217'><\/div><\/div><div class=\"av-click-to-play-overlay\"><div class=\"avia_playpause_icon\"><\/div><\/div><\/div><\/li><li  data-controls='aviaTBaviaTBvideo_controls' data-mute='aviaTBaviaTBvideo_mute' data-loop='' data-disable-autoplay=''  data-video-ratio='1.7777777777778' class='avia-slideshow-slide av-av_slideshow-b630448fcc9b852ed5c8663c0325058c__1  av-video-slide  av-video-service-vimeo  av-hide-video-controls av-mute-video av-mobile-fallback-image  slide-2 slide-even'><div data-rel='slideshow-1' class='avia-slide-wrap '   ><div class='av-click-overlay'><\/div><div class='mejs-mediaelement'  itemprop=\"video\" itemtype=\"https:\/\/schema.org\/VideoObject\" ><div data-src='\/\/player.vimeo.com\/video\/141251104?portrait=0&#038;byline=0&#038;title=0&#038;badge=0&#038;loop=0&#038;autopause=1&#038;api=1&#038;rel=0&#038;player_id=player_982_1092658874_2041317207&#038;color=5daedd' data-original_url='https:\/\/vimeo.com\/141251104' height='1600' width='900' class='av_vimeo_frame' id='player_982_1092658874_2041317207'><\/div><\/div><div class=\"av-click-to-play-overlay\"><div class=\"avia_playpause_icon\"><\/div><\/div><\/div><\/li><\/ul><div class='avia-slideshow-arrows avia-slideshow-controls' ><a href='#prev' class='prev-slide  avia-svg-icon avia-font-svg_entypo-fontello' data-av_svg_icon='left-open-big' data-av_iconset='svg_entypo-fontello' tabindex='-1' title=\"Previous\"><svg version=\"1.1\" xmlns=\"http:\/\/www.w3.org\/2000\/svg\" width=\"15\" height=\"32\" viewBox=\"0 0 15 32\" preserveAspectRatio=\"xMidYMid meet\" aria-labelledby='av-svg-title-3' aria-describedby='av-svg-desc-3' role=\"graphics-symbol\" aria-hidden=\"true\">\n<title id='av-svg-title-3'>Previous<\/title>\n<desc id='av-svg-desc-3'>Previous<\/desc>\n<path d=\"M14.464 27.84q0.832 0.832 0 1.536-0.832 0.832-1.536 0l-12.544-12.608q-0.768-0.768 0-1.6l12.544-12.608q0.704-0.832 1.536 0 0.832 0.704 0 1.536l-11.456 11.904z\"><\/path>\n<\/svg><span class='avia_hidden_link_text'>Previous<\/span><\/a><a href='#next' class='next-slide  avia-svg-icon avia-font-svg_entypo-fontello' data-av_svg_icon='right-open-big' data-av_iconset='svg_entypo-fontello' tabindex='-1' title=\"Next\"><svg version=\"1.1\" xmlns=\"http:\/\/www.w3.org\/2000\/svg\" width=\"15\" height=\"32\" viewBox=\"0 0 15 32\" preserveAspectRatio=\"xMidYMid meet\" aria-labelledby='av-svg-title-4' aria-describedby='av-svg-desc-4' role=\"graphics-symbol\" aria-hidden=\"true\">\n<title id='av-svg-title-4'>Next<\/title>\n<desc id='av-svg-desc-4'>Next<\/desc>\n<path d=\"M0.416 27.84l11.456-11.84-11.456-11.904q-0.832-0.832 0-1.536 0.832-0.832 1.536 0l12.544 12.608q0.768 0.832 0 1.6l-12.544 12.608q-0.704 0.832-1.536 0-0.832-0.704 0-1.536z\"><\/path>\n<\/svg><span class='avia_hidden_link_text'>Next<\/span><\/a><\/div><div class='avia-slideshow-dots avia-slideshow-controls'><a href='#1' class='goto-slide active' >1<\/a><a href='#2' class='goto-slide ' >2<\/a><\/div><\/div><\/p><\/div>\n<\/div><\/div><\/div><!-- close content main div --><\/div><\/div>\n<style type=\"text\/css\" data-created_by=\"avia_inline_auto\" id=\"style-css-av-av_section-0c1ddcb3a26e67d4e246cb37d153779f\">\n.avia-section.av-av_section-0c1ddcb3a26e67d4e246cb37d153779f{\nbackground-color:#5daedd;\nbackground-image:unset;\n}\n.avia-section.av-av_section-0c1ddcb3a26e67d4e246cb37d153779f .av-section-color-overlay{\nopacity:0.3;\nbackground-color:#ffffff;\n}\n<\/style>\n<div id='av_section_1'  class='avia-section av-av_section-0c1ddcb3a26e67d4e246cb37d153779f main_color avia-section-default avia-no-shadow  avia-builder-el-7  el_after_av_one_fourth  avia-builder-el-last  avia-bg-style-scroll av-section-color-overlay-active container_wrap sidebar_right'  ><div class=\"av-section-color-overlay-wrap\"><div class=\"av-section-color-overlay\"><\/div><div class='container av-section-cont-open' ><div class='template-page content  av-content-small alpha units'><div class='post-entry post-entry-type-page post-entry-982'><div class='entry-content-wrapper clearfix'>\n\n<style type=\"text\/css\" data-created_by=\"avia_inline_auto\" id=\"style-css-av-av_one_half-9497bbf8bff73ea4c6992cc17fa9ec36\">\n.flex_column.av-av_one_half-9497bbf8bff73ea4c6992cc17fa9ec36{\nborder-radius:0px 0px 0px 0px;\npadding:0px 0px 0px 0px;\n}\n<\/style>\n<div  class='flex_column av-av_one_half-9497bbf8bff73ea4c6992cc17fa9ec36 av_one_half  avia-builder-el-8  el_before_av_one_half  avia-builder-el-first  first flex_column_div av-zero-column-padding  '     ><style type=\"text\/css\" data-created_by=\"avia_inline_auto\" id=\"style-css-av-av_font_icon-a4b8f0eeae482e1ad3c2fae0deea7d95\">\n.av_font_icon.av-av_font_icon-a4b8f0eeae482e1ad3c2fae0deea7d95{\ncolor:#ffffff;\nborder-color:#ffffff;\n}\n.avia-svg-icon.av-av_font_icon-a4b8f0eeae482e1ad3c2fae0deea7d95 svg:first-child{\nstroke:#ffffff;\nfill:#ffffff;\n}\n.av_font_icon.av-av_font_icon-a4b8f0eeae482e1ad3c2fae0deea7d95 .av-icon-char{\nfont-size:40px;\nline-height:40px;\nwidth:40px;\n}\n<\/style>\n<span  class='av_font_icon av-av_font_icon-a4b8f0eeae482e1ad3c2fae0deea7d95 avia_animate_when_visible av-icon-style-border avia-icon-pos-center avia-iconfont avia-font-entypo-fontello avia-icon-animate'><a href='https:\/\/calendly.com\/substancesactives\/tvsalledattente'  target=\"_blank\"  rel=\"noopener noreferrer\"  class='av-icon-char' data-av_icon='\ue85b' data-av_iconfont='entypo-fontello' aria-hidden=\"false\" ><\/a><span class='av_icon_caption av-special-font'>Je prends un RDV t\u00e9l\u00e9phonique<\/span><\/span><\/div>\n<style type=\"text\/css\" data-created_by=\"avia_inline_auto\" id=\"style-css-av-av_one_half-de02ff6c6bb29fc4ff1e98b6fcee57c3\">\n.flex_column.av-av_one_half-de02ff6c6bb29fc4ff1e98b6fcee57c3{\nborder-radius:0px 0px 0px 0px;\npadding:0px 0px 0px 0px;\n}\n<\/style>\n<div  class='flex_column av-av_one_half-de02ff6c6bb29fc4ff1e98b6fcee57c3 av_one_half  avia-builder-el-10  el_after_av_one_half  avia-builder-el-last  flex_column_div av-zero-column-padding  '     ><style type=\"text\/css\" data-created_by=\"avia_inline_auto\" id=\"style-css-av-av_font_icon-e3fada317035cc062c5e28a1e1a99f42\">\n.av_font_icon.av-av_font_icon-e3fada317035cc062c5e28a1e1a99f42{\ncolor:#ffffff;\nborder-color:#ffffff;\n}\n.avia-svg-icon.av-av_font_icon-e3fada317035cc062c5e28a1e1a99f42 svg:first-child{\nstroke:#ffffff;\nfill:#ffffff;\n}\n.av_font_icon.av-av_font_icon-e3fada317035cc062c5e28a1e1a99f42 .av-icon-char{\nfont-size:40px;\nline-height:40px;\nwidth:40px;\n}\n<\/style>\n<span  class='av_font_icon av-av_font_icon-e3fada317035cc062c5e28a1e1a99f42 avia_animate_when_visible av-icon-style-border avia-icon-pos-center avia-iconfont avia-font-entypo-fontello avia-icon-animate'><a href='https:\/\/substancesactives.wufoo.com\/forms\/mkm6bec0max1d3\/'  target=\"_blank\"  rel=\"noopener noreferrer\"  class='av-icon-char' data-av_icon='\ue82b' data-av_iconfont='entypo-fontello' aria-hidden=\"false\" ><\/a><span class='av_icon_caption av-special-font'>Je r\u00e9serve mon offre sans engagement<\/span><\/span><\/div><\/div><\/div><\/div><!-- close content main div --><\/div><\/div><\/div><div id='after_section_1'  class='main_color av_default_container_wrap container_wrap sidebar_right'  ><div class='container av-section-cont-open' ><div class='template-page content  av-content-small alpha units'><div class='post-entry post-entry-type-page post-entry-982'><div class='entry-content-wrapper clearfix'>\n","protected":false},"excerpt":{"rendered":"","protected":false},"author":2,"featured_media":0,"parent":0,"menu_order":0,"comment_status":"closed","ping_status":"closed","template":"","meta":{"footnotes":""},"class_list":["post-982","page","type-page","status-publish","hentry"],"yoast_head":"<!-- This site is optimized with the Yoast SEO plugin v27.3 - https:\/\/yoast.com\/product\/yoast-seo-wordpress\/ -->\n<title>2016 Visual Activ&#039; TV Salle d&#039;attente<\/title>\n<meta name=\"robots\" content=\"noindex, nofollow\" \/>\n<meta property=\"og:locale\" content=\"pt_PT\" \/>\n<meta property=\"og:type\" content=\"article\" \/>\n<meta property=\"og:title\" content=\"2016 Visual Activ&#039; TV Salle d&#039;attente\" \/>\n<meta property=\"og:url\" content=\"https:\/\/www.visualactiv.com\/pt-pt\/2016-2\/\" \/>\n<meta property=\"og:site_name\" content=\"Visual Activ&#039; TV Salle d&#039;attente\" \/>\n<meta property=\"article:publisher\" content=\"https:\/\/www.facebook.com\/visualactiv\" \/>\n<meta property=\"article:modified_time\" content=\"2018-10-31T16:28:25+00:00\" \/>\n<meta property=\"og:image\" content=\"https:\/\/www.visualactiv.com\/wp-content\/uploads\/visual-activ-logo.png\" \/>\n\t<meta property=\"og:image:width\" content=\"310\" \/>\n\t<meta property=\"og:image:height\" content=\"264\" \/>\n\t<meta property=\"og:image:type\" content=\"image\/png\" \/>\n<meta name=\"twitter:card\" content=\"summary_large_image\" \/>\n<meta name=\"twitter:site\" content=\"@visualactive\" \/>\n<meta name=\"twitter:label1\" content=\"Tempo estimado de leitura\" \/>\n\t<meta name=\"twitter:data1\" content=\"4 minutos\" \/>\n<script type=\"application\/ld+json\" class=\"yoast-schema-graph\">{\"@context\":\"https:\\\/\\\/schema.org\",\"@graph\":[{\"@type\":\"WebPage\",\"@id\":\"https:\\\/\\\/www.visualactiv.com\\\/pt-pt\\\/2016-2\\\/\",\"url\":\"https:\\\/\\\/www.visualactiv.com\\\/pt-pt\\\/2016-2\\\/\",\"name\":\"2016 Visual Activ&#039; TV Salle d&#039;attente\",\"isPartOf\":{\"@id\":\"https:\\\/\\\/www.visualactiv.com\\\/pt-pt\\\/#website\"},\"datePublished\":\"2017-04-24T08:22:22+00:00\",\"dateModified\":\"2018-10-31T16:28:25+00:00\",\"breadcrumb\":{\"@id\":\"https:\\\/\\\/www.visualactiv.com\\\/pt-pt\\\/2016-2\\\/#breadcrumb\"},\"inLanguage\":\"pt-PT\",\"potentialAction\":[{\"@type\":\"ReadAction\",\"target\":[\"https:\\\/\\\/www.visualactiv.com\\\/pt-pt\\\/2016-2\\\/\"]}]},{\"@type\":\"BreadcrumbList\",\"@id\":\"https:\\\/\\\/www.visualactiv.com\\\/pt-pt\\\/2016-2\\\/#breadcrumb\",\"itemListElement\":[{\"@type\":\"ListItem\",\"position\":1,\"name\":\"Accueil\",\"item\":\"https:\\\/\\\/www.visualactiv.com\\\/pt-pt\\\/\"},{\"@type\":\"ListItem\",\"position\":2,\"name\":\"2016\"}]},{\"@type\":\"WebSite\",\"@id\":\"https:\\\/\\\/www.visualactiv.com\\\/pt-pt\\\/#website\",\"url\":\"https:\\\/\\\/www.visualactiv.com\\\/pt-pt\\\/\",\"name\":\"Visual Activ&#039; TV Salle d&#039;attente\",\"description\":\"Tv Salle d&#039;attente\",\"potentialAction\":[{\"@type\":\"SearchAction\",\"target\":{\"@type\":\"EntryPoint\",\"urlTemplate\":\"https:\\\/\\\/www.visualactiv.com\\\/pt-pt\\\/?s={search_term_string}\"},\"query-input\":{\"@type\":\"PropertyValueSpecification\",\"valueRequired\":true,\"valueName\":\"search_term_string\"}}],\"inLanguage\":\"pt-PT\"}]}<\/script>\n<!-- \/ Yoast SEO plugin. -->","yoast_head_json":{"title":"2016 Visual Activ&#039; TV Salle d&#039;attente","robots":{"index":"noindex","follow":"nofollow"},"og_locale":"pt_PT","og_type":"article","og_title":"2016 Visual Activ&#039; TV Salle d&#039;attente","og_url":"https:\/\/www.visualactiv.com\/pt-pt\/2016-2\/","og_site_name":"Visual Activ&#039; TV Salle d&#039;attente","article_publisher":"https:\/\/www.facebook.com\/visualactiv","article_modified_time":"2018-10-31T16:28:25+00:00","og_image":[{"width":310,"height":264,"url":"https:\/\/www.visualactiv.com\/wp-content\/uploads\/visual-activ-logo.png","type":"image\/png"}],"twitter_card":"summary_large_image","twitter_site":"@visualactive","twitter_misc":{"Tempo estimado de leitura":"4 minutos"},"schema":{"@context":"https:\/\/schema.org","@graph":[{"@type":"WebPage","@id":"https:\/\/www.visualactiv.com\/pt-pt\/2016-2\/","url":"https:\/\/www.visualactiv.com\/pt-pt\/2016-2\/","name":"2016 Visual Activ&#039; TV Salle d&#039;attente","isPartOf":{"@id":"https:\/\/www.visualactiv.com\/pt-pt\/#website"},"datePublished":"2017-04-24T08:22:22+00:00","dateModified":"2018-10-31T16:28:25+00:00","breadcrumb":{"@id":"https:\/\/www.visualactiv.com\/pt-pt\/2016-2\/#breadcrumb"},"inLanguage":"pt-PT","potentialAction":[{"@type":"ReadAction","target":["https:\/\/www.visualactiv.com\/pt-pt\/2016-2\/"]}]},{"@type":"BreadcrumbList","@id":"https:\/\/www.visualactiv.com\/pt-pt\/2016-2\/#breadcrumb","itemListElement":[{"@type":"ListItem","position":1,"name":"Accueil","item":"https:\/\/www.visualactiv.com\/pt-pt\/"},{"@type":"ListItem","position":2,"name":"2016"}]},{"@type":"WebSite","@id":"https:\/\/www.visualactiv.com\/pt-pt\/#website","url":"https:\/\/www.visualactiv.com\/pt-pt\/","name":"Visual Activ&#039; TV Salle d&#039;attente","description":"Tv Salle d&#039;attente","potentialAction":[{"@type":"SearchAction","target":{"@type":"EntryPoint","urlTemplate":"https:\/\/www.visualactiv.com\/pt-pt\/?s={search_term_string}"},"query-input":{"@type":"PropertyValueSpecification","valueRequired":true,"valueName":"search_term_string"}}],"inLanguage":"pt-PT"}]}},"_links":{"self":[{"href":"https:\/\/www.visualactiv.com\/pt-pt\/wp-json\/wp\/v2\/pages\/982","targetHints":{"allow":["GET"]}}],"collection":[{"href":"https:\/\/www.visualactiv.com\/pt-pt\/wp-json\/wp\/v2\/pages"}],"about":[{"href":"https:\/\/www.visualactiv.com\/pt-pt\/wp-json\/wp\/v2\/types\/page"}],"author":[{"embeddable":true,"href":"https:\/\/www.visualactiv.com\/pt-pt\/wp-json\/wp\/v2\/users\/2"}],"replies":[{"embeddable":true,"href":"https:\/\/www.visualactiv.com\/pt-pt\/wp-json\/wp\/v2\/comments?post=982"}],"version-history":[{"count":0,"href":"https:\/\/www.visualactiv.com\/pt-pt\/wp-json\/wp\/v2\/pages\/982\/revisions"}],"wp:attachment":[{"href":"https:\/\/www.visualactiv.com\/pt-pt\/wp-json\/wp\/v2\/media?parent=982"}],"curies":[{"name":"wp","href":"https:\/\/api.w.org\/{rel}","templated":true}]}}