{"id":1276,"date":"2017-04-25T10:38:07","date_gmt":"2017-04-25T09:38:07","guid":{"rendered":"https:\/\/www.visualactiv.com\/?page_id=1276\/"},"modified":"2021-05-27T08:54:33","modified_gmt":"2021-05-27T07:54:33","slug":"videos","status":"publish","type":"page","link":"https:\/\/www.visualactiv.com\/pt-pt\/videos\/","title":{"rendered":"V\u00eddeos Sala de Espera Profissionais da Sa\u00fade"},"content":{"rendered":"\n<style type=\"text\/css\" data-created_by=\"avia_inline_auto\" id=\"style-css-av-av_heading-414555723bbdaea19727076b5e9736ea\">\n#top .av-special-heading.av-av_heading-414555723bbdaea19727076b5e9736ea{\npadding-bottom:10px;\n}\nbody .av-special-heading.av-av_heading-414555723bbdaea19727076b5e9736ea .av-special-heading-tag .heading-char{\nfont-size:25px;\n}\n.av-special-heading.av-av_heading-414555723bbdaea19727076b5e9736ea .av-subheading{\nfont-size:15px;\n}\n<\/style>\n<div  class='av-special-heading av-av_heading-414555723bbdaea19727076b5e9736ea av-special-heading-h1 blockquote modern-quote modern-centered  avia-builder-el-0  el_before_av_textblock  avia-builder-el-first '><h1 class='av-special-heading-tag '  itemprop=\"headline\"  >V\u00eddeos Sala de Espera Profissionais da Sa\u00fade<\/h1><div class=\"special-heading-border\"><div class=\"special-heading-inner-border\"><\/div><\/div><\/div>\n\n<style type=\"text\/css\" data-created_by=\"avia_inline_auto\" id=\"style-css-av-av_textblock-22de2225e3be5c5f248a404ef0f20e34\">\n#top .av_textblock_section.av-av_textblock-22de2225e3be5c5f248a404ef0f20e34 .avia_textblock{\ncolor:#7bb0e7;\n}\n<\/style>\n<section  class='av_textblock_section av-av_textblock-22de2225e3be5c5f248a404ef0f20e34 '   itemscope=\"itemscope\" itemtype=\"https:\/\/schema.org\/CreativeWork\" ><div class='avia_textblock av_inherit_color'  itemprop=\"text\" ><h3 style=\"text-align: center;\">Um paciente bem-informado \u00e9 um paciente que age pela sua sa\u00fade.<\/h3>\n<\/div><\/section>\n\n<style type=\"text\/css\" data-created_by=\"avia_inline_auto\" id=\"style-css-av-kp6lot0f-864e3b011654a52414d84b7fe794c9ec\">\n#top .av_textblock_section.av-kp6lot0f-864e3b011654a52414d84b7fe794c9ec .avia_textblock{\ncolor:#7bb0e7;\n}\n<\/style>\n<section  class='av_textblock_section av-kp6lot0f-864e3b011654a52414d84b7fe794c9ec '   itemscope=\"itemscope\" itemtype=\"https:\/\/schema.org\/CreativeWork\" ><div class='avia_textblock av_inherit_color'  itemprop=\"text\" ><h4 style=\"text-align: center;\"><span style=\"color: #000000;\">Aqui est\u00e3o alguns exemplos dos 500 videoclipes que oferecemos<\/span><\/h4>\n<\/div><\/section>\n\n<style type=\"text\/css\" data-created_by=\"avia_inline_auto\" id=\"style-css-av-k8w7qnlw-85bc15a152efe8e0b5dd313ca40304ee\">\n.av-tab-section-outer-container.av-k8w7qnlw-85bc15a152efe8e0b5dd313ca40304ee .av-tab-section-tab-title-container{\nbackground-color:#2b98ca;\n}\n#top .av-tab-section-outer-container.av-k8w7qnlw-85bc15a152efe8e0b5dd313ca40304ee .av-section-tab-title{\ncolor:#ffffff;\n}\n<\/style>\n<\/div><\/div><\/div><!-- close content main div --><\/div><\/div><div id='av-tab-section-1'  class='av-tab-section-container entry-content-wrapper main_color av-tab-no-transition   av-tab-above-content  avia-builder-el-3  el_after_av_textblock  avia-builder-el-last  tab-section-not-first container_wrap sidebar_right'  ><div class='av-tab-section-outer-container av-k8w7qnlw-85bc15a152efe8e0b5dd313ca40304ee'><div class='av-tab-section-tab-title-container avia-tab-title-padding-default av-custom-tab-color' role='tablist'><a href='#mdico-dentista' data-av-tab-section-title='1' class='av-section-tab-title av-active-tab-title no-scroll av-k8w7mdf8-987506046d5bc48b4e94805c2b108267 av-tab-no-icon av-tab-no-image ' role='tab' tabindex='0' aria-controls='av-tab-section-1-1'><span class='av-outer-tab-title'><span class='av-inner-tab-title'>M\u00e9dico-dentista<\/span><\/span><span class=\"av-tab-arrow-container\"><span><\/span><\/span><\/a><a href='#visual-activ' data-av-tab-section-title='2' class='av-section-tab-title  av-k8w7mdf8-f97dfde90e5a9ce4b28a5ce20a4fb86b av-tab-no-icon av-tab-no-image ' role='tab' tabindex='0' aria-controls='av-tab-section-1-2'><span class='av-outer-tab-title'><span class='av-inner-tab-title'>Visual Activ\u2019<\/span><\/span><span class=\"av-tab-arrow-container\"><span><\/span><\/span><\/a><\/div><div class='avia-slideshow-arrows av-tabsection-arrow' ><a href='#prev' class='prev-slide av_prev_tab_section av-tab-section-slide avia-svg-icon avia-font-svg_entypo-fontello' data-av_svg_icon='left-open-big' data-av_iconset='svg_entypo-fontello' tabindex='-1' title=\"Previous\"><svg version=\"1.1\" xmlns=\"http:\/\/www.w3.org\/2000\/svg\" width=\"15\" height=\"32\" viewBox=\"0 0 15 32\" preserveAspectRatio=\"xMidYMid meet\" aria-labelledby='av-svg-title-1' aria-describedby='av-svg-desc-1' role=\"graphics-symbol\" aria-hidden=\"true\">\n<title id='av-svg-title-1'>Previous<\/title>\n<desc id='av-svg-desc-1'>Previous<\/desc>\n<path d=\"M14.464 27.84q0.832 0.832 0 1.536-0.832 0.832-1.536 0l-12.544-12.608q-0.768-0.768 0-1.6l12.544-12.608q0.704-0.832 1.536 0 0.832 0.704 0 1.536l-11.456 11.904z\"><\/path>\n<\/svg><span class='avia_hidden_link_text'>Previous<\/span><\/a><a href='#next' class='next-slide av_next_tab_section av-tab-section-slide avia-svg-icon avia-font-svg_entypo-fontello' data-av_svg_icon='right-open-big' data-av_iconset='svg_entypo-fontello' tabindex='-1' title=\"Next\"><svg version=\"1.1\" xmlns=\"http:\/\/www.w3.org\/2000\/svg\" width=\"15\" height=\"32\" viewBox=\"0 0 15 32\" preserveAspectRatio=\"xMidYMid meet\" aria-labelledby='av-svg-title-2' aria-describedby='av-svg-desc-2' role=\"graphics-symbol\" aria-hidden=\"true\">\n<title id='av-svg-title-2'>Next<\/title>\n<desc id='av-svg-desc-2'>Next<\/desc>\n<path d=\"M0.416 27.84l11.456-11.84-11.456-11.904q-0.832-0.832 0-1.536 0.832-0.832 1.536 0l12.544 12.608q0.768 0.832 0 1.6l-12.544 12.608q-0.704 0.832-1.536 0-0.832-0.704 0-1.536z\"><\/path>\n<\/svg><span class='avia_hidden_link_text'>Next<\/span><\/a><\/div><div class='av-tab-section-inner-container avia-section-default' style='width:200vw; left:0%;'><span class=\"av_prev_tab_section av_tab_navigation\"><\/span><span class=\"av_next_tab_section av_tab_navigation\"><\/span>\n\n<style type=\"text\/css\" data-created_by=\"avia_inline_auto\" id=\"style-css-av-k8w7mdf8-987506046d5bc48b4e94805c2b108267\">\n.av-layout-tab.av-k8w7mdf8-987506046d5bc48b4e94805c2b108267{\nvertical-align:top;\n}\n#top .av-tab-section-outer-container.av-k8w7qnlw-85bc15a152efe8e0b5dd313ca40304ee .av-active-tab-title.av-section-tab-title.av-k8w7mdf8-987506046d5bc48b4e94805c2b108267{\ncolor:#ffffff;\n}\n#top .av-tab-section-outer-container.av-k8w7qnlw-85bc15a152efe8e0b5dd313ca40304ee .av-active-tab-title.av-section-tab-title.av-k8w7mdf8-987506046d5bc48b4e94805c2b108267 .avia-svg-icon svg:first-child{\nfill:#ffffff;\nstroke:#ffffff;\n}\n<\/style>\n<div id='av-tab-section-1-1' class='av-layout-tab av-k8w7mdf8-987506046d5bc48b4e94805c2b108267 av-animation-delay-container  avia-builder-el-4  el_before_av_tab_sub_section  avia-builder-el-first  av-active-tab-content __av_init_open ' data-av-deeplink-tabs=\"\" data-av-tab-section-content=\"1\" data-tab-section-id=\"mdico-dentista\"><div class=\"av-layout-tab-inner\"><div class=\"container\"><p>\n<style type=\"text\/css\" data-created_by=\"avia_inline_auto\" id=\"style-css-av-av_one_third-79ff81c021393065cee878051452f6a6\">\n.flex_column.av-av_one_third-79ff81c021393065cee878051452f6a6{\nborder-radius:0px 0px 0px 0px;\npadding:0px 0px 0px 0px;\n}\n<\/style>\n<div  class='flex_column av-av_one_third-79ff81c021393065cee878051452f6a6 av_one_third  avia-builder-el-5  el_before_av_one_third  avia-builder-el-first  first flex_column_div av-zero-column-padding  '     ><\/div>\n<style type=\"text\/css\" data-created_by=\"avia_inline_auto\" id=\"style-css-av-av_one_third-49f6e875884219cf77c24341e550af53\">\n.flex_column.av-av_one_third-49f6e875884219cf77c24341e550af53{\nborder-radius:0px 0px 0px 0px;\npadding:0px 0px 0px 0px;\n}\n<\/style>\n<div  class='flex_column av-av_one_third-49f6e875884219cf77c24341e550af53 av_one_third  avia-builder-el-7  el_after_av_one_third  el_before_av_one_third  flex_column_div av-zero-column-padding  '     ><\/div>\n<style type=\"text\/css\" data-created_by=\"avia_inline_auto\" id=\"style-css-av-av_one_third-49f6e875884219cf77c24341e550af53\">\n.flex_column.av-av_one_third-49f6e875884219cf77c24341e550af53{\nborder-radius:0px 0px 0px 0px;\npadding:0px 0px 0px 0px;\n}\n<\/style>\n<div  class='flex_column av-av_one_third-49f6e875884219cf77c24341e550af53 av_one_third  avia-builder-el-9  el_after_av_one_third  el_before_av_one_third  flex_column_div av-zero-column-padding  '     ><\/div>\n<style type=\"text\/css\" data-created_by=\"avia_inline_auto\" id=\"style-css-av-av_one_third-79ff81c021393065cee878051452f6a6\">\n.flex_column.av-av_one_third-79ff81c021393065cee878051452f6a6{\nborder-radius:0px 0px 0px 0px;\npadding:0px 0px 0px 0px;\n}\n<\/style>\n<div  class='flex_column av-av_one_third-79ff81c021393065cee878051452f6a6 av_one_third  avia-builder-el-11  el_after_av_one_third  el_before_av_one_third  first flex_column_div av-zero-column-padding  column-top-margin'     ><\/div>\n<style type=\"text\/css\" data-created_by=\"avia_inline_auto\" id=\"style-css-av-av_one_third-49f6e875884219cf77c24341e550af53\">\n.flex_column.av-av_one_third-49f6e875884219cf77c24341e550af53{\nborder-radius:0px 0px 0px 0px;\npadding:0px 0px 0px 0px;\n}\n<\/style>\n<div  class='flex_column av-av_one_third-49f6e875884219cf77c24341e550af53 av_one_third  avia-builder-el-13  el_after_av_one_third  el_before_av_one_third  flex_column_div av-zero-column-padding  column-top-margin'     ><\/div>\n<style type=\"text\/css\" data-created_by=\"avia_inline_auto\" id=\"style-css-av-av_one_third-49f6e875884219cf77c24341e550af53\">\n.flex_column.av-av_one_third-49f6e875884219cf77c24341e550af53{\nborder-radius:0px 0px 0px 0px;\npadding:0px 0px 0px 0px;\n}\n<\/style>\n<div  class='flex_column av-av_one_third-49f6e875884219cf77c24341e550af53 av_one_third  avia-builder-el-15  el_after_av_one_third  el_before_av_one_third  flex_column_div av-zero-column-padding  column-top-margin'     ><\/div>\n<style type=\"text\/css\" data-created_by=\"avia_inline_auto\" id=\"style-css-av-av_one_third-79ff81c021393065cee878051452f6a6\">\n.flex_column.av-av_one_third-79ff81c021393065cee878051452f6a6{\nborder-radius:0px 0px 0px 0px;\npadding:0px 0px 0px 0px;\n}\n<\/style>\n<div  class='flex_column av-av_one_third-79ff81c021393065cee878051452f6a6 av_one_third  avia-builder-el-17  el_after_av_one_third  el_before_av_one_third  first flex_column_div av-zero-column-padding  column-top-margin'     ><\/div>\n<style type=\"text\/css\" data-created_by=\"avia_inline_auto\" id=\"style-css-av-av_one_third-49f6e875884219cf77c24341e550af53\">\n.flex_column.av-av_one_third-49f6e875884219cf77c24341e550af53{\nborder-radius:0px 0px 0px 0px;\npadding:0px 0px 0px 0px;\n}\n<\/style>\n<div  class='flex_column av-av_one_third-49f6e875884219cf77c24341e550af53 av_one_third  avia-builder-el-19  el_after_av_one_third  el_before_av_one_third  flex_column_div av-zero-column-padding  column-top-margin'     ><\/div>\n<style type=\"text\/css\" data-created_by=\"avia_inline_auto\" id=\"style-css-av-av_one_third-49f6e875884219cf77c24341e550af53\">\n.flex_column.av-av_one_third-49f6e875884219cf77c24341e550af53{\nborder-radius:0px 0px 0px 0px;\npadding:0px 0px 0px 0px;\n}\n<\/style>\n<div  class='flex_column av-av_one_third-49f6e875884219cf77c24341e550af53 av_one_third  avia-builder-el-21  el_after_av_one_third  avia-builder-el-last  flex_column_div av-zero-column-padding  column-top-margin'     ><\/div><\/p>\n<\/div><\/div><\/div>\n<style type=\"text\/css\" data-created_by=\"avia_inline_auto\" id=\"style-css-av-k8w7mdf8-f97dfde90e5a9ce4b28a5ce20a4fb86b\">\n.av-layout-tab.av-k8w7mdf8-f97dfde90e5a9ce4b28a5ce20a4fb86b{\nvertical-align:top;\n}\n#top .av-tab-section-outer-container.av-k8w7qnlw-85bc15a152efe8e0b5dd313ca40304ee .av-active-tab-title.av-section-tab-title.av-k8w7mdf8-f97dfde90e5a9ce4b28a5ce20a4fb86b{\ncolor:#ffffff;\n}\n#top .av-tab-section-outer-container.av-k8w7qnlw-85bc15a152efe8e0b5dd313ca40304ee .av-active-tab-title.av-section-tab-title.av-k8w7mdf8-f97dfde90e5a9ce4b28a5ce20a4fb86b .avia-svg-icon svg:first-child{\nfill:#ffffff;\nstroke:#ffffff;\n}\n<\/style>\n<div id='av-tab-section-1-2' class='av-layout-tab av-k8w7mdf8-f97dfde90e5a9ce4b28a5ce20a4fb86b av-animation-delay-container  avia-builder-el-22  el_after_av_tab_sub_section  avia-builder-el-last  ' data-av-deeplink-tabs=\"\" data-av-tab-section-content=\"2\" data-tab-section-id=\"visual-activ\"><div class=\"av-layout-tab-inner\"><div class=\"container\">\n<style type=\"text\/css\" data-created_by=\"avia_inline_auto\" id=\"style-css-av-av_one_third-79ff81c021393065cee878051452f6a6\">\n.flex_column.av-av_one_third-79ff81c021393065cee878051452f6a6{\nborder-radius:0px 0px 0px 0px;\npadding:0px 0px 0px 0px;\n}\n<\/style>\n<div  class='flex_column av-av_one_third-79ff81c021393065cee878051452f6a6 av_one_third  avia-builder-el-23  avia-builder-el-no-sibling  first flex_column_div av-zero-column-padding  '     ><\/div>\n<\/div><\/div><\/div>\n<\/div><\/div><\/div>\n","protected":false},"excerpt":{"rendered":"","protected":false},"author":4,"featured_media":0,"parent":0,"menu_order":0,"comment_status":"closed","ping_status":"closed","template":"","meta":{"footnotes":""},"class_list":["post-1276","page","type-page","status-publish","hentry"],"yoast_head":"<!-- This site is optimized with the Yoast SEO plugin v27.3 - https:\/\/yoast.com\/product\/yoast-seo-wordpress\/ -->\n<title>V\u00eddeos em HD para Sala de Espera - Profissionais da Sa\u00fade<\/title>\n<meta name=\"description\" content=\"V\u00eddeos HD para Ecr\u00e3, TV na Sala de Espera. Dentista, Oftalmologista, Dermatologista, Reumatologista, Medicina Est\u00e9tica, M\u00e9dico ortopedista..V\u00eddeo educativo\" \/>\n<meta name=\"robots\" content=\"index, follow, max-snippet:-1, max-image-preview:large, max-video-preview:-1\" \/>\n<link rel=\"canonical\" href=\"https:\/\/www.visualactiv.com\/pt-pt\/videos\/\" \/>\n<meta property=\"og:locale\" content=\"pt_PT\" \/>\n<meta property=\"og:type\" content=\"article\" \/>\n<meta property=\"og:title\" content=\"V\u00eddeos em HD para Sala de Espera - Profissionais da Sa\u00fade\" \/>\n<meta property=\"og:description\" content=\"V\u00eddeos HD para Ecr\u00e3, TV na Sala de Espera. Dentista, Oftalmologista, Dermatologista, Reumatologista, Medicina Est\u00e9tica, M\u00e9dico ortopedista..V\u00eddeo educativo\" \/>\n<meta property=\"og:url\" content=\"https:\/\/www.visualactiv.com\/pt-pt\/videos\/\" \/>\n<meta property=\"og:site_name\" content=\"Visual Activ&#039; TV Salle d&#039;attente\" \/>\n<meta property=\"article:publisher\" content=\"https:\/\/www.facebook.com\/visualactiv\" \/>\n<meta property=\"article:modified_time\" content=\"2021-05-27T07:54:33+00:00\" \/>\n<meta property=\"og:image\" content=\"https:\/\/www.visualactiv.com\/wp-content\/uploads\/visual-activ-logo.png\" \/>\n\t<meta property=\"og:image:width\" content=\"310\" \/>\n\t<meta property=\"og:image:height\" content=\"264\" \/>\n\t<meta property=\"og:image:type\" content=\"image\/png\" \/>\n<meta name=\"twitter:card\" content=\"summary_large_image\" \/>\n<meta name=\"twitter:site\" content=\"@visualactive\" \/>\n<meta name=\"twitter:label1\" content=\"Tempo estimado de leitura\" \/>\n\t<meta name=\"twitter:data1\" content=\"9 minutos\" \/>\n<script type=\"application\/ld+json\" class=\"yoast-schema-graph\">{\"@context\":\"https:\\\/\\\/schema.org\",\"@graph\":[{\"@type\":\"WebPage\",\"@id\":\"https:\\\/\\\/www.visualactiv.com\\\/pt-pt\\\/videos\\\/\",\"url\":\"https:\\\/\\\/www.visualactiv.com\\\/pt-pt\\\/videos\\\/\",\"name\":\"V\u00eddeos em HD para Sala de Espera - Profissionais da Sa\u00fade\",\"isPartOf\":{\"@id\":\"https:\\\/\\\/www.visualactiv.com\\\/pt-pt\\\/#website\"},\"datePublished\":\"2017-04-25T09:38:07+00:00\",\"dateModified\":\"2021-05-27T07:54:33+00:00\",\"description\":\"V\u00eddeos HD para Ecr\u00e3, TV na Sala de Espera. Dentista, Oftalmologista, Dermatologista, Reumatologista, Medicina Est\u00e9tica, M\u00e9dico ortopedista..V\u00eddeo educativo\",\"breadcrumb\":{\"@id\":\"https:\\\/\\\/www.visualactiv.com\\\/pt-pt\\\/videos\\\/#breadcrumb\"},\"inLanguage\":\"pt-PT\",\"potentialAction\":[{\"@type\":\"ReadAction\",\"target\":[\"https:\\\/\\\/www.visualactiv.com\\\/pt-pt\\\/videos\\\/\"]}]},{\"@type\":\"BreadcrumbList\",\"@id\":\"https:\\\/\\\/www.visualactiv.com\\\/pt-pt\\\/videos\\\/#breadcrumb\",\"itemListElement\":[{\"@type\":\"ListItem\",\"position\":1,\"name\":\"Accueil\",\"item\":\"https:\\\/\\\/www.visualactiv.com\\\/pt-pt\\\/\"},{\"@type\":\"ListItem\",\"position\":2,\"name\":\"V\u00eddeos Sala de Espera Profissionais da Sa\u00fade\"}]},{\"@type\":\"WebSite\",\"@id\":\"https:\\\/\\\/www.visualactiv.com\\\/pt-pt\\\/#website\",\"url\":\"https:\\\/\\\/www.visualactiv.com\\\/pt-pt\\\/\",\"name\":\"Visual Activ&#039; TV Salle d&#039;attente\",\"description\":\"Tv Salle d&#039;attente\",\"potentialAction\":[{\"@type\":\"SearchAction\",\"target\":{\"@type\":\"EntryPoint\",\"urlTemplate\":\"https:\\\/\\\/www.visualactiv.com\\\/pt-pt\\\/?s={search_term_string}\"},\"query-input\":{\"@type\":\"PropertyValueSpecification\",\"valueRequired\":true,\"valueName\":\"search_term_string\"}}],\"inLanguage\":\"pt-PT\"}]}<\/script>\n<!-- \/ Yoast SEO plugin. -->","yoast_head_json":{"title":"V\u00eddeos em HD para Sala de Espera - Profissionais da Sa\u00fade","description":"V\u00eddeos HD para Ecr\u00e3, TV na Sala de Espera. Dentista, Oftalmologista, Dermatologista, Reumatologista, Medicina Est\u00e9tica, M\u00e9dico ortopedista..V\u00eddeo educativo","robots":{"index":"index","follow":"follow","max-snippet":"max-snippet:-1","max-image-preview":"max-image-preview:large","max-video-preview":"max-video-preview:-1"},"canonical":"https:\/\/www.visualactiv.com\/pt-pt\/videos\/","og_locale":"pt_PT","og_type":"article","og_title":"V\u00eddeos em HD para Sala de Espera - Profissionais da Sa\u00fade","og_description":"V\u00eddeos HD para Ecr\u00e3, TV na Sala de Espera. Dentista, Oftalmologista, Dermatologista, Reumatologista, Medicina Est\u00e9tica, M\u00e9dico ortopedista..V\u00eddeo educativo","og_url":"https:\/\/www.visualactiv.com\/pt-pt\/videos\/","og_site_name":"Visual Activ&#039; TV Salle d&#039;attente","article_publisher":"https:\/\/www.facebook.com\/visualactiv","article_modified_time":"2021-05-27T07:54:33+00:00","og_image":[{"width":310,"height":264,"url":"https:\/\/www.visualactiv.com\/wp-content\/uploads\/visual-activ-logo.png","type":"image\/png"}],"twitter_card":"summary_large_image","twitter_site":"@visualactive","twitter_misc":{"Tempo estimado de leitura":"9 minutos"},"schema":{"@context":"https:\/\/schema.org","@graph":[{"@type":"WebPage","@id":"https:\/\/www.visualactiv.com\/pt-pt\/videos\/","url":"https:\/\/www.visualactiv.com\/pt-pt\/videos\/","name":"V\u00eddeos em HD para Sala de Espera - Profissionais da Sa\u00fade","isPartOf":{"@id":"https:\/\/www.visualactiv.com\/pt-pt\/#website"},"datePublished":"2017-04-25T09:38:07+00:00","dateModified":"2021-05-27T07:54:33+00:00","description":"V\u00eddeos HD para Ecr\u00e3, TV na Sala de Espera. Dentista, Oftalmologista, Dermatologista, Reumatologista, Medicina Est\u00e9tica, M\u00e9dico ortopedista..V\u00eddeo educativo","breadcrumb":{"@id":"https:\/\/www.visualactiv.com\/pt-pt\/videos\/#breadcrumb"},"inLanguage":"pt-PT","potentialAction":[{"@type":"ReadAction","target":["https:\/\/www.visualactiv.com\/pt-pt\/videos\/"]}]},{"@type":"BreadcrumbList","@id":"https:\/\/www.visualactiv.com\/pt-pt\/videos\/#breadcrumb","itemListElement":[{"@type":"ListItem","position":1,"name":"Accueil","item":"https:\/\/www.visualactiv.com\/pt-pt\/"},{"@type":"ListItem","position":2,"name":"V\u00eddeos Sala de Espera Profissionais da Sa\u00fade"}]},{"@type":"WebSite","@id":"https:\/\/www.visualactiv.com\/pt-pt\/#website","url":"https:\/\/www.visualactiv.com\/pt-pt\/","name":"Visual Activ&#039; TV Salle d&#039;attente","description":"Tv Salle d&#039;attente","potentialAction":[{"@type":"SearchAction","target":{"@type":"EntryPoint","urlTemplate":"https:\/\/www.visualactiv.com\/pt-pt\/?s={search_term_string}"},"query-input":{"@type":"PropertyValueSpecification","valueRequired":true,"valueName":"search_term_string"}}],"inLanguage":"pt-PT"}]}},"_links":{"self":[{"href":"https:\/\/www.visualactiv.com\/pt-pt\/wp-json\/wp\/v2\/pages\/1276","targetHints":{"allow":["GET"]}}],"collection":[{"href":"https:\/\/www.visualactiv.com\/pt-pt\/wp-json\/wp\/v2\/pages"}],"about":[{"href":"https:\/\/www.visualactiv.com\/pt-pt\/wp-json\/wp\/v2\/types\/page"}],"author":[{"embeddable":true,"href":"https:\/\/www.visualactiv.com\/pt-pt\/wp-json\/wp\/v2\/users\/4"}],"replies":[{"embeddable":true,"href":"https:\/\/www.visualactiv.com\/pt-pt\/wp-json\/wp\/v2\/comments?post=1276"}],"version-history":[{"count":0,"href":"https:\/\/www.visualactiv.com\/pt-pt\/wp-json\/wp\/v2\/pages\/1276\/revisions"}],"wp:attachment":[{"href":"https:\/\/www.visualactiv.com\/pt-pt\/wp-json\/wp\/v2\/media?parent=1276"}],"curies":[{"name":"wp","href":"https:\/\/api.w.org\/{rel}","templated":true}]}}