{"id":1270,"date":"2017-04-25T10:34:52","date_gmt":"2017-04-25T09:34:52","guid":{"rendered":"https:\/\/www.visualactiv.com\/?page_id=1270\/"},"modified":"2018-12-14T17:06:12","modified_gmt":"2018-12-14T16:06:12","slug":"perguntas-frequentes","status":"publish","type":"page","link":"https:\/\/www.visualactiv.com\/pt-pt\/perguntas-frequentes\/","title":{"rendered":"Perguntas"},"content":{"rendered":"\n<style type=\"text\/css\" data-created_by=\"avia_inline_auto\" id=\"style-css-av-av_heading-34fdad210ba5a11dab8f922266fae0dd\">\n#top .av-special-heading.av-av_heading-34fdad210ba5a11dab8f922266fae0dd{\npadding-bottom:10px;\n}\nbody .av-special-heading.av-av_heading-34fdad210ba5a11dab8f922266fae0dd .av-special-heading-tag .heading-char{\nfont-size:25px;\n}\n.av-special-heading.av-av_heading-34fdad210ba5a11dab8f922266fae0dd .av-subheading{\nfont-size:15px;\n}\n<\/style>\n<div  class='av-special-heading av-av_heading-34fdad210ba5a11dab8f922266fae0dd av-special-heading-h1 blockquote modern-quote  avia-builder-el-0  el_before_av_hr  avia-builder-el-first '><h1 class='av-special-heading-tag '  itemprop=\"headline\"  >Perguntas Frequentes<\/h1><div class=\"special-heading-border\"><div class=\"special-heading-inner-border\"><\/div><\/div><\/div>\n<div  class='hr av-av_hr-7baa9936fe5691b53f4ae1c79d4cc23f hr-short  avia-builder-el-1  el_after_av_heading  el_before_av_toggle_container  hr-left'><span class='hr-inner '><span class=\"hr-inner-style\"><\/span><\/span><\/div>\n<div  class='togglecontainer av-av_toggle_container-d03efdf7de8d15029af4a4ccb5448be7  avia-builder-el-2  el_after_av_hr  avia-builder-el-last ' ><div class='taglist'><div class=\"tag-tab\"><a href=\"#\" data-tag=\"{All}\" class=\"activeFilter\">All<\/a><span class='tag-seperator'>\/<\/span><\/div><div class=\"tag-tab\"><a href=\"#\" data-tag=\"{Geral}\" class=\"\">Geral<\/a><span class='tag-seperator'>\/<\/span><\/div><div class=\"tag-tab\"><a href=\"#\" data-tag=\"{Gest\u00e3o}\" class=\"\">Gest\u00e3o<\/a><span class='tag-seperator'>\/<\/span><\/div><div class=\"tag-tab\"><a href=\"#\" data-tag=\"{Player}\" class=\"\">Player<\/a><span class='tag-seperator'>\/<\/span><\/div><\/div>\n<section class='av_toggle_section av-av_toggle-bc8ed28c662fd606b196b5132f709885'  itemscope=\"itemscope\" itemtype=\"https:\/\/schema.org\/CreativeWork\" ><div role=\"tablist\" class=\"single_toggle\" data-tags=\"{All} \"  ><p id='toggle-toggle-id-1' data-fake-id='#toggle-id-1' class='toggler  activeTitle av-title-above '  itemprop=\"headline\"  role='tab' tabindex='0' aria-controls='toggle-id-1' data-slide-speed=\"200\" data-title=\"Do que preciso antes de obter a TV Sala de Espera?\" data-title-open=\"\" data-aria_collapsed=\"Click to expand: Do que preciso antes de obter a TV Sala de Espera?\" data-aria_expanded=\"Click to collapse: Do que preciso antes de obter a TV Sala de Espera?\">Do que preciso antes de obter a TV Sala de Espera?<span class=\"toggle_icon\"><span class=\"vert_icon\"><\/span><span class=\"hor_icon\"><\/span><\/span><\/p><div id='toggle-id-1' aria-labelledby='toggle-toggle-id-1' role='region' class='toggle_wrap  active_tc av-title-above' style='display:block;' ><div class='toggle_content invers-color '  itemprop=\"text\" ><p>Voc\u00ea precisa de uma conex\u00e3o \u00e0 internet e de uma TV ou ecr\u00e3 compat\u00edvel com entradas de alta-defini\u00e7\u00e3o.<\/p>\n<\/div><\/div><\/div><\/section>\n<section class='av_toggle_section av-av_toggle-a0a801ed37e46c9835c32c736b939d64'  itemscope=\"itemscope\" itemtype=\"https:\/\/schema.org\/CreativeWork\" ><div role=\"tablist\" class=\"single_toggle\" data-tags=\"{All} {Geral} \"  ><p id='toggle-toggle-id-2' data-fake-id='#toggle-id-2' class='toggler  av-title-above '  itemprop=\"headline\"  role='tab' tabindex='0' aria-controls='toggle-id-2' data-slide-speed=\"200\" data-title=\"Precisarei instalar algum programa?\" data-title-open=\"\" data-aria_collapsed=\"Click to expand: Precisarei instalar algum programa?\" data-aria_expanded=\"Click to collapse: Precisarei instalar algum programa?\">Precisarei instalar algum programa?<span class=\"toggle_icon\"><span class=\"vert_icon\"><\/span><span class=\"hor_icon\"><\/span><\/span><\/p><div id='toggle-id-2' aria-labelledby='toggle-toggle-id-2' role='region' class='toggle_wrap  av-title-above'  ><div class='toggle_content invers-color '  itemprop=\"text\" ><p>N\u00e3o, voc\u00ea ir\u00e1 receber um Player a ser conectado ao seu ecr\u00e3. Nossa solu\u00e7\u00e3o de Exposi\u00e7\u00e3o Din\u00e2mica \u00e9 concebida para ser gerida por um navegador (Chrome ou Safari). <strong>Basta conectar-se \u00e0 nossa interface de gest\u00e3o por um navegador de internet para &#8220;pilotar&#8221; o seu Player<\/strong>. Desenvolvemos uma solu\u00e7\u00e3o de Exposi\u00e7\u00e3o Din\u00e2mica em modo SaaS (Software as a Service). Assim, voc\u00ea pode administrar seus ecr\u00e3s em qualquer computador e em qualquer lugar que tenha internet.<\/p>\n<\/div><\/div><\/div><\/section>\n<section class='av_toggle_section av-av_toggle-de17668c2a831eb49731bf9cb06999ef'  itemscope=\"itemscope\" itemtype=\"https:\/\/schema.org\/CreativeWork\" ><div role=\"tablist\" class=\"single_toggle\" data-tags=\"{All} {Geral} \"  ><p id='toggle-toggle-id-3' data-fake-id='#toggle-id-3' class='toggler  av-title-above '  itemprop=\"headline\"  role='tab' tabindex='0' aria-controls='toggle-id-3' data-slide-speed=\"200\" data-title=\"Qu\u00e3o frequentes s\u00e3o as atualiza\u00e7\u00f5es?\" data-title-open=\"\" data-aria_collapsed=\"Click to expand: Qu\u00e3o frequentes s\u00e3o as atualiza\u00e7\u00f5es?\" data-aria_expanded=\"Click to collapse: Qu\u00e3o frequentes s\u00e3o as atualiza\u00e7\u00f5es?\">Qu\u00e3o frequentes s\u00e3o as atualiza\u00e7\u00f5es?<span class=\"toggle_icon\"><span class=\"vert_icon\"><\/span><span class=\"hor_icon\"><\/span><\/span><\/p><div id='toggle-id-3' aria-labelledby='toggle-toggle-id-3' role='region' class='toggle_wrap  av-title-above'  ><div class='toggle_content invers-color '  itemprop=\"text\" ><p><label><\/label>O Player Visual Activ&#8217; questiona regularmente os nossos servidores a fim de verificar se alguma atualiza\u00e7\u00e3o \u00e9 necess\u00e1ria. Se voc\u00ea tiver adicionado um novo conte\u00fado ou se tiver mudado algum elemento da sua Playlist (<em>lista de reprodu\u00e7\u00e3o<\/em>) no nosso Back-Office, o Player baixar\u00e1 os novos m\u00e9dia.<\/p>\n<p>Os servi\u00e7os e fluxos din\u00e2micos como o tempo s\u00e3o atualizados automaticamente. <em>(o tempo duas vezes ao dia, o cinema uma vez por semana, not\u00edcias em tempo real&#8230;)<\/em><\/p>\n<\/div><\/div><\/div><\/section>\n<section class='av_toggle_section av-av_toggle-5daf3846ca5747f9af4e4e537143e42e'  itemscope=\"itemscope\" itemtype=\"https:\/\/schema.org\/CreativeWork\" ><div role=\"tablist\" class=\"single_toggle\" data-tags=\"{All} {Geral} \"  ><p id='toggle-toggle-id-4' data-fake-id='#toggle-id-4' class='toggler  av-title-above '  itemprop=\"headline\"  role='tab' tabindex='0' aria-controls='toggle-id-4' data-slide-speed=\"200\" data-title=\"Minha conex\u00e3o ficar\u00e1 mais lenta?\" data-title-open=\"\" data-aria_collapsed=\"Click to expand: Minha conex\u00e3o ficar\u00e1 mais lenta?\" data-aria_expanded=\"Click to collapse: Minha conex\u00e3o ficar\u00e1 mais lenta?\">Minha conex\u00e3o ficar\u00e1 mais lenta?<span class=\"toggle_icon\"><span class=\"vert_icon\"><\/span><span class=\"hor_icon\"><\/span><\/span><\/p><div id='toggle-id-4' aria-labelledby='toggle-toggle-id-4' role='region' class='toggle_wrap  av-title-above'  ><div class='toggle_content invers-color '  itemprop=\"text\" ><p>N\u00e3o. O Player Visual Activ&#8217; interpela regularmente nossos servidores. Isso significa que o Player usar\u00e1 o seu fluxo apenas se houver um novo m\u00e9dia a ser baixado \u00e0 sua mem\u00f3ria interna. \u00c9 possivel determinar faixas hor\u00e1rias espec\u00edficas para efetuar as atualiza\u00e7\u00f5es. <strong>Nossa solu\u00e7\u00e3o n\u00e3o \u00e9 em streaming como o Google Chromecast, nosso Player n\u00e3o influi no fluxo de rede.<\/strong><\/p>\n<\/div><\/div><\/div><\/section>\n<section class='av_toggle_section av-av_toggle-7eeca2eca5b7bca1c4e085c8fff64e3e'  itemscope=\"itemscope\" itemtype=\"https:\/\/schema.org\/CreativeWork\" ><div role=\"tablist\" class=\"single_toggle\" data-tags=\"{All} {Geral} \"  ><p id='toggle-toggle-id-5' data-fake-id='#toggle-id-5' class='toggler  av-title-above '  itemprop=\"headline\"  role='tab' tabindex='0' aria-controls='toggle-id-5' data-slide-speed=\"200\" data-title=\"O que acontece se eu ficar sem internet?\" data-title-open=\"\" data-aria_collapsed=\"Click to expand: O que acontece se eu ficar sem internet?\" data-aria_expanded=\"Click to collapse: O que acontece se eu ficar sem internet?\">O que acontece se eu ficar sem internet?<span class=\"toggle_icon\"><span class=\"vert_icon\"><\/span><span class=\"hor_icon\"><\/span><\/span><\/p><div id='toggle-id-5' aria-labelledby='toggle-toggle-id-5' role='region' class='toggle_wrap  av-title-above'  ><div class='toggle_content invers-color '  itemprop=\"text\" ><p>Nada, o nosso Player continuar\u00e1 a funcionar normalmente com o conte\u00fado guardado na m\u00e9moria interna. Apenas os fluxos din\u00e2micos (tempo, cinema, not\u00edcias) n\u00e3o ser\u00e3o mais atualizados. Podemos instalar um alerta para avis\u00e1-lo na ocorr\u00eancia de uma pane de conex\u00e3o.<\/p>\n<\/div><\/div><\/div><\/section>\n<section class='av_toggle_section av-av_toggle-715488e6cf87acfee1e22c848d599345'  itemscope=\"itemscope\" itemtype=\"https:\/\/schema.org\/CreativeWork\" ><div role=\"tablist\" class=\"single_toggle\" data-tags=\"{All} {Geral} \"  ><p id='toggle-toggle-id-6' data-fake-id='#toggle-id-6' class='toggler  av-title-above '  itemprop=\"headline\"  role='tab' tabindex='0' aria-controls='toggle-id-6' data-slide-speed=\"200\" data-title=\"Posso conectar v\u00e1rios ecr\u00e3s?\" data-title-open=\"\" data-aria_collapsed=\"Click to expand: Posso conectar v\u00e1rios ecr\u00e3s?\" data-aria_expanded=\"Click to collapse: Posso conectar v\u00e1rios ecr\u00e3s?\">Posso conectar v\u00e1rios ecr\u00e3s?<span class=\"toggle_icon\"><span class=\"vert_icon\"><\/span><span class=\"hor_icon\"><\/span><\/span><\/p><div id='toggle-id-6' aria-labelledby='toggle-toggle-id-6' role='region' class='toggle_wrap  av-title-above'  ><div class='toggle_content invers-color '  itemprop=\"text\" ><p>Sim, nosso Back-Office Visual Activ&#8217; permite-lhe se conectar-se e de gerir um n\u00famero ilimitado de ecr\u00e3s com diferentes n\u00edveis de administra\u00e7\u00e3o. Em regra geral, um Player de ecr\u00e3 \u00e9 necess\u00e1rio, mas \u00e9 tamb\u00e9m poss\u00edvel que v\u00e1rios ecr\u00e3s num mesmo c\u00f3modo sejam conectados a um Player s\u00f3. Nosso Back-Office permite-lhe a cria\u00e7\u00e3o de grupos de reprodu\u00e7\u00e3o e a atualiza\u00e7\u00e3o de v\u00e1rios ecr\u00e3s ao mesmo tempo.<\/p>\n<\/div><\/div><\/div><\/section>\n<section class='av_toggle_section av-av_toggle-6574979fcf7e5b559a69a2a7f7fc78e3'  itemscope=\"itemscope\" itemtype=\"https:\/\/schema.org\/CreativeWork\" ><div role=\"tablist\" class=\"single_toggle\" data-tags=\"{All} {Geral} \"  ><p id='toggle-toggle-id-7' data-fake-id='#toggle-id-7' class='toggler  av-title-above '  itemprop=\"headline\"  role='tab' tabindex='0' aria-controls='toggle-id-7' data-slide-speed=\"200\" data-title=\"Que configura\u00e7\u00e3o de rede \u00e9 necess\u00e1ria?\" data-title-open=\"\" data-aria_collapsed=\"Click to expand: Que configura\u00e7\u00e3o de rede \u00e9 necess\u00e1ria?\" data-aria_expanded=\"Click to collapse: Que configura\u00e7\u00e3o de rede \u00e9 necess\u00e1ria?\">Que configura\u00e7\u00e3o de rede \u00e9 necess\u00e1ria?<span class=\"toggle_icon\"><span class=\"vert_icon\"><\/span><span class=\"hor_icon\"><\/span><\/span><\/p><div id='toggle-id-7' aria-labelledby='toggle-toggle-id-7' role='region' class='toggle_wrap  av-title-above'  ><div class='toggle_content invers-color '  itemprop=\"text\" ><p>Nosso Player conecta-se \u00e0 rede atrav\u00e9s de um cabo Ethernet. Uma conex\u00e3o ADSL \u00e9 suficiente em 1 ou 2 Mb\/s de fluxo. Nosso Player pode funcionar em DHCP, IP Fixo e atrav\u00e9s de um Proxy, se necess\u00e1rio.<\/p>\n<\/div><\/div><\/div><\/section>\n<section class='av_toggle_section av-av_toggle-4f38aad63acf4e87475bdc9ebb5c8837'  itemscope=\"itemscope\" itemtype=\"https:\/\/schema.org\/CreativeWork\" ><div role=\"tablist\" class=\"single_toggle\" data-tags=\"{All} {Player} \"  ><p id='toggle-toggle-id-8' data-fake-id='#toggle-id-8' class='toggler  av-title-above '  itemprop=\"headline\"  role='tab' tabindex='0' aria-controls='toggle-id-8' data-slide-speed=\"200\" data-title=\"Como conectar o Player ao meu ecr\u00e3?\" data-title-open=\"\" data-aria_collapsed=\"Click to expand: Como conectar o Player ao meu ecr\u00e3?\" data-aria_expanded=\"Click to collapse: Como conectar o Player ao meu ecr\u00e3?\">Como conectar o Player ao meu ecr\u00e3?<span class=\"toggle_icon\"><span class=\"vert_icon\"><\/span><span class=\"hor_icon\"><\/span><\/span><\/p><div id='toggle-id-8' aria-labelledby='toggle-toggle-id-8' role='region' class='toggle_wrap  av-title-above'  ><div class='toggle_content invers-color '  itemprop=\"text\" ><p>Nosso Player possui duas sa\u00eddas v\u00eddeo: HDMI e VGA.<\/p>\n<p>Para um funcionamento perfeito do Player:<br \/>\n<strong>1.<\/strong> Ligue o ecr\u00e3 e selecione a fonte correspondente.<br \/>\n<strong>2.<\/strong> Conecte o cabo HDMI entre o ecr\u00e3 e o Player.<br \/>\n<strong>3.<\/strong> Conecte o cabo de alimenta\u00e7\u00e3o el\u00e9trica do Player.<br \/>\nO Player reproduzir\u00e1 o conte\u00fado alguns minutos ap\u00f3s esses procedimentos.<\/p>\n<\/div><\/div><\/div><\/section>\n<section class='av_toggle_section av-av_toggle-37ac06dc8f1b0daa162b8fd4569d0aaf'  itemscope=\"itemscope\" itemtype=\"https:\/\/schema.org\/CreativeWork\" ><div role=\"tablist\" class=\"single_toggle\" data-tags=\"{All} \"  ><p id='toggle-toggle-id-9' data-fake-id='#toggle-id-9' class='toggler  av-title-above '  itemprop=\"headline\"  role='tab' tabindex='0' aria-controls='toggle-id-9' data-slide-speed=\"200\" data-title=\"Devo desligar o Player?\" data-title-open=\"\" data-aria_collapsed=\"Click to expand: Devo desligar o Player?\" data-aria_expanded=\"Click to collapse: Devo desligar o Player?\">Devo desligar o Player?<span class=\"toggle_icon\"><span class=\"vert_icon\"><\/span><span class=\"hor_icon\"><\/span><\/span><\/p><div id='toggle-id-9' aria-labelledby='toggle-toggle-id-9' role='region' class='toggle_wrap  av-title-above'  ><div class='toggle_content invers-color '  itemprop=\"text\" ><p>N\u00e3o \u00e9 necess\u00e1rio desligar o Player, ele \u00e9 feito para um funcionamento de 24h por dia, a 365 dias por ano sem parar. No entanto, pode-se deslig\u00e1-lo da tomada caso voc\u00ea prefira.<\/p>\n<\/div><\/div><\/div><\/section>\n<section class='av_toggle_section av-av_toggle-7b38c75ff58d56f6601dc7b5c3f5be2e'  itemscope=\"itemscope\" itemtype=\"https:\/\/schema.org\/CreativeWork\" ><div role=\"tablist\" class=\"single_toggle\" data-tags=\"{All} {Player} \"  ><p id='toggle-toggle-id-10' data-fake-id='#toggle-id-10' class='toggler  av-title-above '  itemprop=\"headline\"  role='tab' tabindex='0' aria-controls='toggle-id-10' data-slide-speed=\"200\" data-title=\"O Player funciona com Wi-Fi?\" data-title-open=\"\" data-aria_collapsed=\"Click to expand: O Player funciona com Wi-Fi?\" data-aria_expanded=\"Click to collapse: O Player funciona com Wi-Fi?\">O Player funciona com Wi-Fi?<span class=\"toggle_icon\"><span class=\"vert_icon\"><\/span><span class=\"hor_icon\"><\/span><\/span><\/p><div id='toggle-id-10' aria-labelledby='toggle-toggle-id-10' role='region' class='toggle_wrap  av-title-above'  ><div class='toggle_content invers-color '  itemprop=\"text\" ><p>Sim, \u00e9 poss\u00edvel utilizar uma conex\u00e3o Wi-Fi a\/b\/g\/n, mas a estabilidade \u00e9 sempre maior com o cabo Ethernet e aconselhamo-lhe a faz\u00ea-lo.<\/p>\n<\/div><\/div><\/div><\/section>\n<section class='av_toggle_section av-av_toggle-54e8814bf7e3d8d2cab12f2328acf541'  itemscope=\"itemscope\" itemtype=\"https:\/\/schema.org\/CreativeWork\" ><div role=\"tablist\" class=\"single_toggle\" data-tags=\"{All} {Gest\u00e3o} \"  ><p id='toggle-toggle-id-11' data-fake-id='#toggle-id-11' class='toggler  av-title-above '  itemprop=\"headline\"  role='tab' tabindex='0' aria-controls='toggle-id-11' data-slide-speed=\"200\" data-title=\"Como conecto-me ao Back-Office do Vusal Activ\u2019?\" data-title-open=\"\" data-aria_collapsed=\"Click to expand: Como conecto-me ao Back-Office do Vusal Activ\u2019?\" data-aria_expanded=\"Click to collapse: Como conecto-me ao Back-Office do Vusal Activ\u2019?\">Como conecto-me ao Back-Office do Vusal Activ\u2019?<span class=\"toggle_icon\"><span class=\"vert_icon\"><\/span><span class=\"hor_icon\"><\/span><\/span><\/p><div id='toggle-id-11' aria-labelledby='toggle-toggle-id-11' role='region' class='toggle_wrap  av-title-above'  ><div class='toggle_content invers-color '  itemprop=\"text\" ><p><label><\/label>Ao momento de sua inscri\u00e7\u00e3o, voc\u00ea receber\u00e1 um mail com as suas credenciais de acesso (nome de usu\u00e1rio e senha), que s\u00e3o confidenciais: tome cuidado para n\u00e3o divulg\u00e1-los.<\/p>\n<\/div><\/div><\/div><\/section>\n<section class='av_toggle_section av-av_toggle-1359f056a73aeff2c4079a5fa98dd7fe'  itemscope=\"itemscope\" itemtype=\"https:\/\/schema.org\/CreativeWork\" ><div role=\"tablist\" class=\"single_toggle\" data-tags=\"{All} {Gest\u00e3o} \"  ><p id='toggle-toggle-id-12' data-fake-id='#toggle-id-12' class='toggler  av-title-above '  itemprop=\"headline\"  role='tab' tabindex='0' aria-controls='toggle-id-12' data-slide-speed=\"200\" data-title=\" Como o Back-Office Visual Activ \u2019?\" data-title-open=\"\" data-aria_collapsed=\"Click to expand:  Como o Back-Office Visual Activ \u2019?\" data-aria_expanded=\"Click to collapse:  Como o Back-Office Visual Activ \u2019?\"> Como o Back-Office Visual Activ \u2019?<span class=\"toggle_icon\"><span class=\"vert_icon\"><\/span><span class=\"hor_icon\"><\/span><\/span><\/p><div id='toggle-id-12' aria-labelledby='toggle-toggle-id-12' role='region' class='toggle_wrap  av-title-above'  ><div class='toggle_content invers-color '  itemprop=\"text\" ><p>\u00c9 muito simples, voc\u00ea tem acesso a diferentes bibliotecas de v\u00eddeo que criamos e disponibilizados para voc\u00ea. Basta atribuir o jogador a um grupo e selecione a playlist (lista de reprodu\u00e7\u00e3o) para disseminar este grupo.<\/p>\n<ul>\n<li>Voc\u00ea pode criar quantas listas e grupos que deseja<\/li>\n<li>Voc\u00ea pode adicionar sua pr\u00f3pria m\u00eddia (v\u00eddeos, fotos, PDF, RSS &#8230;)<\/li>\n<li>Voc\u00ea pode publicar mensagens de texto em um ticker e datas de lan\u00e7amento cronograma<\/li>\n<\/ul>\n<p>Entre para descobrir todos os servi\u00e7os dispon\u00edveis para voc\u00ea.<\/p>\n<\/div><\/div><\/div><\/section>\n<\/div>\n","protected":false},"excerpt":{"rendered":"","protected":false},"author":4,"featured_media":0,"parent":0,"menu_order":0,"comment_status":"closed","ping_status":"open","template":"","meta":{"footnotes":""},"class_list":["post-1270","page","type-page","status-publish","hentry"],"yoast_head":"<!-- This site is optimized with the Yoast SEO plugin v27.3 - https:\/\/yoast.com\/product\/yoast-seo-wordpress\/ -->\n<title>Perguntas Frequentes Exposi\u00e7\u00e3o Din\u00e2mica de Sa\u00fade - TV Dentista<\/title>\n<meta name=\"description\" content=\"Perguntas Frequentes sobre a Exposi\u00e7\u00e3o Din\u00e2mica Sa\u00fade e a gest\u00e3o do Player com o Back-Office da Visual Activ&#039;. Ecr\u00e3 para os Profissionais da Sa\u00fade, V\u00eddeo HD\" \/>\n<meta name=\"robots\" content=\"index, follow, max-snippet:-1, max-image-preview:large, max-video-preview:-1\" \/>\n<link rel=\"canonical\" href=\"https:\/\/www.visualactiv.com\/pt-pt\/perguntas-frequentes\/\" \/>\n<meta property=\"og:locale\" content=\"pt_PT\" \/>\n<meta property=\"og:type\" content=\"article\" \/>\n<meta property=\"og:title\" content=\"Perguntas Frequentes Exposi\u00e7\u00e3o Din\u00e2mica de Sa\u00fade - TV Dentista\" \/>\n<meta property=\"og:description\" content=\"Perguntas Frequentes sobre a Exposi\u00e7\u00e3o Din\u00e2mica Sa\u00fade e a gest\u00e3o do Player com o Back-Office da Visual Activ&#039;. Ecr\u00e3 para os Profissionais da Sa\u00fade, V\u00eddeo HD\" \/>\n<meta property=\"og:url\" content=\"https:\/\/www.visualactiv.com\/pt-pt\/perguntas-frequentes\/\" \/>\n<meta property=\"og:site_name\" content=\"Visual Activ&#039; TV Salle d&#039;attente\" \/>\n<meta property=\"article:publisher\" content=\"https:\/\/www.facebook.com\/visualactiv\" \/>\n<meta property=\"article:modified_time\" content=\"2018-12-14T16:06:12+00:00\" \/>\n<meta property=\"og:image\" content=\"https:\/\/www.visualactiv.com\/wp-content\/uploads\/visual-activ-logo.png\" \/>\n\t<meta property=\"og:image:width\" content=\"310\" \/>\n\t<meta property=\"og:image:height\" content=\"264\" \/>\n\t<meta property=\"og:image:type\" content=\"image\/png\" \/>\n<meta name=\"twitter:card\" content=\"summary_large_image\" \/>\n<meta name=\"twitter:site\" content=\"@visualactive\" \/>\n<meta name=\"twitter:label1\" content=\"Tempo estimado de leitura\" \/>\n\t<meta name=\"twitter:data1\" content=\"5 minutos\" \/>\n<script type=\"application\/ld+json\" class=\"yoast-schema-graph\">{\"@context\":\"https:\\\/\\\/schema.org\",\"@graph\":[{\"@type\":\"WebPage\",\"@id\":\"https:\\\/\\\/www.visualactiv.com\\\/pt-pt\\\/perguntas-frequentes\\\/\",\"url\":\"https:\\\/\\\/www.visualactiv.com\\\/pt-pt\\\/perguntas-frequentes\\\/\",\"name\":\"Perguntas Frequentes Exposi\u00e7\u00e3o Din\u00e2mica de Sa\u00fade - TV Dentista\",\"isPartOf\":{\"@id\":\"https:\\\/\\\/www.visualactiv.com\\\/pt-pt\\\/#website\"},\"datePublished\":\"2017-04-25T09:34:52+00:00\",\"dateModified\":\"2018-12-14T16:06:12+00:00\",\"description\":\"Perguntas Frequentes sobre a Exposi\u00e7\u00e3o Din\u00e2mica Sa\u00fade e a gest\u00e3o do Player com o Back-Office da Visual Activ'. Ecr\u00e3 para os Profissionais da Sa\u00fade, V\u00eddeo HD\",\"breadcrumb\":{\"@id\":\"https:\\\/\\\/www.visualactiv.com\\\/pt-pt\\\/perguntas-frequentes\\\/#breadcrumb\"},\"inLanguage\":\"pt-PT\",\"potentialAction\":[{\"@type\":\"ReadAction\",\"target\":[\"https:\\\/\\\/www.visualactiv.com\\\/pt-pt\\\/perguntas-frequentes\\\/\"]}]},{\"@type\":\"BreadcrumbList\",\"@id\":\"https:\\\/\\\/www.visualactiv.com\\\/pt-pt\\\/perguntas-frequentes\\\/#breadcrumb\",\"itemListElement\":[{\"@type\":\"ListItem\",\"position\":1,\"name\":\"Accueil\",\"item\":\"https:\\\/\\\/www.visualactiv.com\\\/pt-pt\\\/\"},{\"@type\":\"ListItem\",\"position\":2,\"name\":\"Perguntas\"}]},{\"@type\":\"WebSite\",\"@id\":\"https:\\\/\\\/www.visualactiv.com\\\/pt-pt\\\/#website\",\"url\":\"https:\\\/\\\/www.visualactiv.com\\\/pt-pt\\\/\",\"name\":\"Visual Activ&#039; TV Salle d&#039;attente\",\"description\":\"Tv Salle d&#039;attente\",\"potentialAction\":[{\"@type\":\"SearchAction\",\"target\":{\"@type\":\"EntryPoint\",\"urlTemplate\":\"https:\\\/\\\/www.visualactiv.com\\\/pt-pt\\\/?s={search_term_string}\"},\"query-input\":{\"@type\":\"PropertyValueSpecification\",\"valueRequired\":true,\"valueName\":\"search_term_string\"}}],\"inLanguage\":\"pt-PT\"}]}<\/script>\n<!-- \/ Yoast SEO plugin. -->","yoast_head_json":{"title":"Perguntas Frequentes Exposi\u00e7\u00e3o Din\u00e2mica de Sa\u00fade - TV Dentista","description":"Perguntas Frequentes sobre a Exposi\u00e7\u00e3o Din\u00e2mica Sa\u00fade e a gest\u00e3o do Player com o Back-Office da Visual Activ'. Ecr\u00e3 para os Profissionais da Sa\u00fade, V\u00eddeo HD","robots":{"index":"index","follow":"follow","max-snippet":"max-snippet:-1","max-image-preview":"max-image-preview:large","max-video-preview":"max-video-preview:-1"},"canonical":"https:\/\/www.visualactiv.com\/pt-pt\/perguntas-frequentes\/","og_locale":"pt_PT","og_type":"article","og_title":"Perguntas Frequentes Exposi\u00e7\u00e3o Din\u00e2mica de Sa\u00fade - TV Dentista","og_description":"Perguntas Frequentes sobre a Exposi\u00e7\u00e3o Din\u00e2mica Sa\u00fade e a gest\u00e3o do Player com o Back-Office da Visual Activ'. Ecr\u00e3 para os Profissionais da Sa\u00fade, V\u00eddeo HD","og_url":"https:\/\/www.visualactiv.com\/pt-pt\/perguntas-frequentes\/","og_site_name":"Visual Activ&#039; TV Salle d&#039;attente","article_publisher":"https:\/\/www.facebook.com\/visualactiv","article_modified_time":"2018-12-14T16:06:12+00:00","og_image":[{"width":310,"height":264,"url":"https:\/\/www.visualactiv.com\/wp-content\/uploads\/visual-activ-logo.png","type":"image\/png"}],"twitter_card":"summary_large_image","twitter_site":"@visualactive","twitter_misc":{"Tempo estimado de leitura":"5 minutos"},"schema":{"@context":"https:\/\/schema.org","@graph":[{"@type":"WebPage","@id":"https:\/\/www.visualactiv.com\/pt-pt\/perguntas-frequentes\/","url":"https:\/\/www.visualactiv.com\/pt-pt\/perguntas-frequentes\/","name":"Perguntas Frequentes Exposi\u00e7\u00e3o Din\u00e2mica de Sa\u00fade - TV Dentista","isPartOf":{"@id":"https:\/\/www.visualactiv.com\/pt-pt\/#website"},"datePublished":"2017-04-25T09:34:52+00:00","dateModified":"2018-12-14T16:06:12+00:00","description":"Perguntas Frequentes sobre a Exposi\u00e7\u00e3o Din\u00e2mica Sa\u00fade e a gest\u00e3o do Player com o Back-Office da Visual Activ'. Ecr\u00e3 para os Profissionais da Sa\u00fade, V\u00eddeo HD","breadcrumb":{"@id":"https:\/\/www.visualactiv.com\/pt-pt\/perguntas-frequentes\/#breadcrumb"},"inLanguage":"pt-PT","potentialAction":[{"@type":"ReadAction","target":["https:\/\/www.visualactiv.com\/pt-pt\/perguntas-frequentes\/"]}]},{"@type":"BreadcrumbList","@id":"https:\/\/www.visualactiv.com\/pt-pt\/perguntas-frequentes\/#breadcrumb","itemListElement":[{"@type":"ListItem","position":1,"name":"Accueil","item":"https:\/\/www.visualactiv.com\/pt-pt\/"},{"@type":"ListItem","position":2,"name":"Perguntas"}]},{"@type":"WebSite","@id":"https:\/\/www.visualactiv.com\/pt-pt\/#website","url":"https:\/\/www.visualactiv.com\/pt-pt\/","name":"Visual Activ&#039; TV Salle d&#039;attente","description":"Tv Salle d&#039;attente","potentialAction":[{"@type":"SearchAction","target":{"@type":"EntryPoint","urlTemplate":"https:\/\/www.visualactiv.com\/pt-pt\/?s={search_term_string}"},"query-input":{"@type":"PropertyValueSpecification","valueRequired":true,"valueName":"search_term_string"}}],"inLanguage":"pt-PT"}]}},"_links":{"self":[{"href":"https:\/\/www.visualactiv.com\/pt-pt\/wp-json\/wp\/v2\/pages\/1270","targetHints":{"allow":["GET"]}}],"collection":[{"href":"https:\/\/www.visualactiv.com\/pt-pt\/wp-json\/wp\/v2\/pages"}],"about":[{"href":"https:\/\/www.visualactiv.com\/pt-pt\/wp-json\/wp\/v2\/types\/page"}],"author":[{"embeddable":true,"href":"https:\/\/www.visualactiv.com\/pt-pt\/wp-json\/wp\/v2\/users\/4"}],"replies":[{"embeddable":true,"href":"https:\/\/www.visualactiv.com\/pt-pt\/wp-json\/wp\/v2\/comments?post=1270"}],"version-history":[{"count":0,"href":"https:\/\/www.visualactiv.com\/pt-pt\/wp-json\/wp\/v2\/pages\/1270\/revisions"}],"wp:attachment":[{"href":"https:\/\/www.visualactiv.com\/pt-pt\/wp-json\/wp\/v2\/media?parent=1270"}],"curies":[{"name":"wp","href":"https:\/\/api.w.org\/{rel}","templated":true}]}}