{"id":2374,"date":"2018-09-13T14:45:15","date_gmt":"2018-09-13T13:45:15","guid":{"rendered":"https:\/\/www.visualactiv.com\/?page_id=2374"},"modified":"2020-04-21T10:06:46","modified_gmt":"2020-04-21T09:06:46","slug":"domande-frequenti","status":"publish","type":"page","link":"https:\/\/www.visualactiv.com\/it\/domande-frequenti\/","title":{"rendered":"FAQ"},"content":{"rendered":"\n<style type=\"text\/css\" data-created_by=\"avia_inline_auto\" id=\"style-css-av-2l8ym0-f54560092cce6c47fa9a8481ff7afddf\">\n#top .av-special-heading.av-2l8ym0-f54560092cce6c47fa9a8481ff7afddf{\npadding-bottom:10px;\n}\nbody .av-special-heading.av-2l8ym0-f54560092cce6c47fa9a8481ff7afddf .av-special-heading-tag .heading-char{\nfont-size:25px;\n}\n.av-special-heading.av-2l8ym0-f54560092cce6c47fa9a8481ff7afddf .av-subheading{\nfont-size:15px;\n}\n<\/style>\n<div  class='av-special-heading av-2l8ym0-f54560092cce6c47fa9a8481ff7afddf av-special-heading-h1 blockquote modern-quote  avia-builder-el-0  el_before_av_hr  avia-builder-el-first '><h1 class='av-special-heading-tag '  itemprop=\"headline\"  > Domande frequenti<\/h1><div class=\"special-heading-border\"><div class=\"special-heading-inner-border\"><\/div><\/div><\/div>\n<div  class='hr av-2gfdds-f36946bc56d8be1d02a4d1fc169fb07a hr-short  avia-builder-el-1  el_after_av_heading  el_before_av_toggle_container  hr-left'><span class='hr-inner '><span class=\"hr-inner-style\"><\/span><\/span><\/div>\n<div  class='togglecontainer av-266lx4-df1f7afe9b3027ef0b3077b01e85e9da  avia-builder-el-2  el_after_av_hr  avia-builder-el-last ' ><div class='taglist'><div class=\"tag-tab\"><a href=\"#\" data-tag=\"{Tutto}\" class=\"activeFilter\">Tutto<\/a><span class='tag-seperator'>\/<\/span><\/div><div class=\"tag-tab\"><a href=\"#\" data-tag=\"{Generale}\" class=\"\">Generale<\/a><span class='tag-seperator'>\/<\/span><\/div><div class=\"tag-tab\"><a href=\"#\" data-tag=\"{Gestione}\" class=\"\">Gestione<\/a><span class='tag-seperator'>\/<\/span><\/div><div class=\"tag-tab\"><a href=\"#\" data-tag=\"{Player}\" class=\"\">Player<\/a><span class='tag-seperator'>\/<\/span><\/div><\/div>\n<section class='av_toggle_section av-20g84w-1e27b1f1e0e4e58d4aa248c8096b5df5'  itemscope=\"itemscope\" itemtype=\"https:\/\/schema.org\/CreativeWork\" ><div role=\"tablist\" class=\"single_toggle\" data-tags=\"{Tutto} \"  ><p id='toggle-toggle-id-1' data-fake-id='#toggle-id-1' class='toggler  activeTitle av-title-above '  itemprop=\"headline\"  role='tab' tabindex='0' aria-controls='toggle-id-1' data-slide-speed=\"200\" data-title=\"Che cosa mi serve?\" data-title-open=\"\" data-aria_collapsed=\"Clicca per espandere: Che cosa mi serve?\" data-aria_expanded=\"Fare clic per chiudere: Che cosa mi serve?\">Che cosa mi serve?<span class=\"toggle_icon\"><span class=\"vert_icon\"><\/span><span class=\"hor_icon\"><\/span><\/span><\/p><div id='toggle-id-1' aria-labelledby='toggle-toggle-id-1' role='region' class='toggle_wrap  active_tc av-title-above' style='display:block;' ><div class='toggle_content invers-color '  itemprop=\"text\" ><p>Le serve una connessione internet ed una televisione compatibile HD, ecco tutto!<\/p>\n<\/div><\/div><\/div><\/section>\n<section class='av_toggle_section av-6zkmo-43ada6e5c889ef97a7824914b3c69105'  itemscope=\"itemscope\" itemtype=\"https:\/\/schema.org\/CreativeWork\" ><div role=\"tablist\" class=\"single_toggle\" data-tags=\"{Tutto} {Generale} \"  ><p id='toggle-toggle-id-2' data-fake-id='#toggle-id-2' class='toggler  av-title-above '  itemprop=\"headline\"  role='tab' tabindex='0' aria-controls='toggle-id-2' data-slide-speed=\"200\" data-title=\"Devo istallare qualche programma?\" data-title-open=\"\" data-aria_collapsed=\"Clicca per espandere: Devo istallare qualche programma?\" data-aria_expanded=\"Fare clic per chiudere: Devo istallare qualche programma?\">Devo istallare qualche programma?<span class=\"toggle_icon\"><span class=\"vert_icon\"><\/span><span class=\"hor_icon\"><\/span><\/span><\/p><div id='toggle-id-2' aria-labelledby='toggle-toggle-id-2' role='region' class='toggle_wrap  av-title-above'  ><div class='toggle_content invers-color '  itemprop=\"text\" ><p>No, forniamo un player che viene collegato alla TV. La nostra soluzione di Display Dinamico \u00e8 concepita per essere gestita da un semplice browser web (Chrome o Safari). <strong>Basta collegarvi via la nostra interfaccia con un browser web e potete prendere il controllo del player<\/strong>. Abbiamo sviluppato una soluzione di display dinamico del tipo Saas (Software as a Service). Potete quindi gestire i vostri schermi ovunque da qualsiasi computer.<\/p>\n<\/div><\/div><\/div><\/section>\n<section class='av_toggle_section av-1payx4-a3e1c6a8af7f8785d0fefdaa2463cf77'  itemscope=\"itemscope\" itemtype=\"https:\/\/schema.org\/CreativeWork\" ><div role=\"tablist\" class=\"single_toggle\" data-tags=\"{Tutto} {Generale} \"  ><p id='toggle-toggle-id-3' data-fake-id='#toggle-id-3' class='toggler  av-title-above '  itemprop=\"headline\"  role='tab' tabindex='0' aria-controls='toggle-id-3' data-slide-speed=\"200\" data-title=\"Quanto spesso si aggiorna?\" data-title-open=\"\" data-aria_collapsed=\"Clicca per espandere: Quanto spesso si aggiorna?\" data-aria_expanded=\"Fare clic per chiudere: Quanto spesso si aggiorna?\">Quanto spesso si aggiorna?<span class=\"toggle_icon\"><span class=\"vert_icon\"><\/span><span class=\"hor_icon\"><\/span><\/span><\/p><div id='toggle-id-3' aria-labelledby='toggle-toggle-id-3' role='region' class='toggle_wrap  av-title-above'  ><div class='toggle_content invers-color '  itemprop=\"text\" ><p>Il player Visual Activ&#8217; interroga regolarmente i nostri server per verificare se aggiornamenti siano necessari. Se avete aggiunto nuovi media o cambiato qualsiasi cosa nella sua playlist nel back-office, il player scaricher\u00e0 i video necessari per diffonderli in TV.<br \/>\nI servizi e flussi dinamici come il meteo si rinnovano automaticamente (il meteo due volte al giorno, cinema ogni settimana\u2026)<\/p>\n<\/div><\/div><\/div><\/section>\n<section class='av_toggle_section av-1j6zxs-76887cb38cf7f1280bc263df7f480e93'  itemscope=\"itemscope\" itemtype=\"https:\/\/schema.org\/CreativeWork\" ><div role=\"tablist\" class=\"single_toggle\" data-tags=\"{Tutto} {Generale} \"  ><p id='toggle-toggle-id-4' data-fake-id='#toggle-id-4' class='toggler  av-title-above '  itemprop=\"headline\"  role='tab' tabindex='0' aria-controls='toggle-id-4' data-slide-speed=\"200\" data-title=\"La mia connessione internet sar\u00e0 pi\u00f9 lenta?\" data-title-open=\"\" data-aria_collapsed=\"Clicca per espandere: La mia connessione internet sar\u00e0 pi\u00f9 lenta?\" data-aria_expanded=\"Fare clic per chiudere: La mia connessione internet sar\u00e0 pi\u00f9 lenta?\">La mia connessione internet sar\u00e0 pi\u00f9 lenta?<span class=\"toggle_icon\"><span class=\"vert_icon\"><\/span><span class=\"hor_icon\"><\/span><\/span><\/p><div id='toggle-id-4' aria-labelledby='toggle-toggle-id-4' role='region' class='toggle_wrap  av-title-above'  ><div class='toggle_content invers-color '  itemprop=\"text\" ><p>No. Il player Visual Activ&#8217; interroga regolarmente i nostri server. In altro modo, il nostro player utilizza la connessione soltanto quando deve scaricare nuovi media. Si pu\u00f2 anche determinare orari in cui far\u00e0 gli aggiornamenti. La nostra soluzione non \u00e8 in streaming tipo Chromecast; il nostro player funziona senza nessuna influenza sulla sua connessione.<\/p>\n<\/div><\/div><\/div><\/section>\n<section class='av_toggle_section av-1g7hkg-5cc8ef01d54fdff2fd330d1fd6fc57fa'  itemscope=\"itemscope\" itemtype=\"https:\/\/schema.org\/CreativeWork\" ><div role=\"tablist\" class=\"single_toggle\" data-tags=\"{Tutto} {Generale} \"  ><p id='toggle-toggle-id-5' data-fake-id='#toggle-id-5' class='toggler  av-title-above '  itemprop=\"headline\"  role='tab' tabindex='0' aria-controls='toggle-id-5' data-slide-speed=\"200\" data-title=\"Cosa succede in caso di non connessione a internet?\" data-title-open=\"\" data-aria_collapsed=\"Clicca per espandere: Cosa succede in caso di non connessione a internet?\" data-aria_expanded=\"Fare clic per chiudere: Cosa succede in caso di non connessione a internet?\">Cosa succede in caso di non connessione a internet?<span class=\"toggle_icon\"><span class=\"vert_icon\"><\/span><span class=\"hor_icon\"><\/span><\/span><\/p><div id='toggle-id-5' aria-labelledby='toggle-toggle-id-5' role='region' class='toggle_wrap  av-title-above'  ><div class='toggle_content invers-color '  itemprop=\"text\" ><p>Niente, il nostro player continua di funzionare normalmente, \u00e8 tutto salvato sulla sua memoria interna. Solo gli flussi dinamici (meteo, cinema, attualit\u00e0) non si metteranno a giorno. Si pu\u00f2 configurare una notificazione per sapere quando la connessione non \u00e8 ottima.<\/p>\n<\/div><\/div><\/div><\/section>\n<section class='av_toggle_section av-17qqw0-b8135b1c489dae38058b9ea4c052a89f'  itemscope=\"itemscope\" itemtype=\"https:\/\/schema.org\/CreativeWork\" ><div role=\"tablist\" class=\"single_toggle\" data-tags=\"{Tutto} {Generale} \"  ><p id='toggle-toggle-id-6' data-fake-id='#toggle-id-6' class='toggler  av-title-above '  itemprop=\"headline\"  role='tab' tabindex='0' aria-controls='toggle-id-6' data-slide-speed=\"200\" data-title=\"Si possono collegare diversi schermi?\" data-title-open=\"\" data-aria_collapsed=\"Clicca per espandere: Si possono collegare diversi schermi?\" data-aria_expanded=\"Fare clic per chiudere: Si possono collegare diversi schermi?\">Si possono collegare diversi schermi?<span class=\"toggle_icon\"><span class=\"vert_icon\"><\/span><span class=\"hor_icon\"><\/span><\/span><\/p><div id='toggle-id-6' aria-labelledby='toggle-toggle-id-6' role='region' class='toggle_wrap  av-title-above'  ><div class='toggle_content invers-color '  itemprop=\"text\" ><p>Si, il nostro back-office permette di collegarci a e gestire un numero illimitato di schermi con vari livelli di amministrazione. In generale, un player per schermo \u00e8 necessario, ma \u00e8 possibile collegare un solo player a diversi schermi nella stessa stanza. Il nostro back-office vi permette di creare gruppi di diffusione e quindi di aggiornare vari schermi allo stesso tempo.<\/p>\n<\/div><\/div><\/div><\/section>\n<section class='av_toggle_section av-120md4-98a2a97cbea98999a3740870b048fa91'  itemscope=\"itemscope\" itemtype=\"https:\/\/schema.org\/CreativeWork\" ><div role=\"tablist\" class=\"single_toggle\" data-tags=\"{Tutto} {Generale} \"  ><p id='toggle-toggle-id-7' data-fake-id='#toggle-id-7' class='toggler  av-title-above '  itemprop=\"headline\"  role='tab' tabindex='0' aria-controls='toggle-id-7' data-slide-speed=\"200\" data-title=\"Qual \u00e8 la configurazione necessaria di rete?\" data-title-open=\"\" data-aria_collapsed=\"Clicca per espandere: Qual \u00e8 la configurazione necessaria di rete?\" data-aria_expanded=\"Fare clic per chiudere: Qual \u00e8 la configurazione necessaria di rete?\">Qual \u00e8 la configurazione necessaria di rete?<span class=\"toggle_icon\"><span class=\"vert_icon\"><\/span><span class=\"hor_icon\"><\/span><\/span><\/p><div id='toggle-id-7' aria-labelledby='toggle-toggle-id-7' role='region' class='toggle_wrap  av-title-above'  ><div class='toggle_content invers-color '  itemprop=\"text\" ><p>Il nostro player si collega con un cavo ethernet. Une connessione ADSL \u00e8 abbastanza, 1 o 2 Mb\/s bastano. Il nostro player funziona anche in DHCP, IP fissa ed attraverso un Proxy se necessario.<\/p>\n<\/div><\/div><\/div><\/section>\n<section class='av_toggle_section av-ufbmo-7b9def36a52d7ef278d57a5c668229d8'  itemscope=\"itemscope\" itemtype=\"https:\/\/schema.org\/CreativeWork\" ><div role=\"tablist\" class=\"single_toggle\" data-tags=\"{Tutto} {Player} \"  ><p id='toggle-toggle-id-8' data-fake-id='#toggle-id-8' class='toggler  av-title-above '  itemprop=\"headline\"  role='tab' tabindex='0' aria-controls='toggle-id-8' data-slide-speed=\"200\" data-title=\"Come si collega il player alla TV?\" data-title-open=\"\" data-aria_collapsed=\"Clicca per espandere: Come si collega il player alla TV?\" data-aria_expanded=\"Fare clic per chiudere: Come si collega il player alla TV?\">Come si collega il player alla TV?<span class=\"toggle_icon\"><span class=\"vert_icon\"><\/span><span class=\"hor_icon\"><\/span><\/span><\/p><div id='toggle-id-8' aria-labelledby='toggle-toggle-id-8' role='region' class='toggle_wrap  av-title-above'  ><div class='toggle_content invers-color '  itemprop=\"text\" ><p>Il nostro player dispone di un\u2019uscita video HDMI:<br \/>\nPer l\u2019ottimo funzionamento:<br \/>\n1. Accendete lo schermo e selezionare la fonte giusta<br \/>\n2. Collegate il cavo HDMI tra schermo e player.<br \/>\n3. Collegate il cavo elettrico del player<br \/>\nIl player diffonder\u00e0 automaticamente il contenuto dopo qualche minuto.<\/p>\n<\/div><\/div><\/div><\/section>\n<section class='av_toggle_section av-shllk-15127f32fa977a505aaa5affb2335650'  itemscope=\"itemscope\" itemtype=\"https:\/\/schema.org\/CreativeWork\" ><div role=\"tablist\" class=\"single_toggle\" data-tags=\"{Tutto} \"  ><p id='toggle-toggle-id-9' data-fake-id='#toggle-id-9' class='toggler  av-title-above '  itemprop=\"headline\"  role='tab' tabindex='0' aria-controls='toggle-id-9' data-slide-speed=\"200\" data-title=\"Devo spegnere il player?\" data-title-open=\"\" data-aria_collapsed=\"Clicca per espandere: Devo spegnere il player?\" data-aria_expanded=\"Fare clic per chiudere: Devo spegnere il player?\">Devo spegnere il player?<span class=\"toggle_icon\"><span class=\"vert_icon\"><\/span><span class=\"hor_icon\"><\/span><\/span><\/p><div id='toggle-id-9' aria-labelledby='toggle-toggle-id-9' role='region' class='toggle_wrap  av-title-above'  ><div class='toggle_content invers-color '  itemprop=\"text\" ><p>Non \u00e8 necessario spegnerlo, \u00e8 previsto per funzionare 24 ore al giorno. Si pu\u00f2 comunque spegnere il player, scollegandolo elettricamente.<\/p>\n<\/div><\/div><\/div><\/section>\n<section class='av_toggle_section av-kgb8w-488a6f2607703e64877d63fa77143366'  itemscope=\"itemscope\" itemtype=\"https:\/\/schema.org\/CreativeWork\" ><div role=\"tablist\" class=\"single_toggle\" data-tags=\"{Tutto} {Player} \"  ><p id='toggle-toggle-id-10' data-fake-id='#toggle-id-10' class='toggler  av-title-above '  itemprop=\"headline\"  role='tab' tabindex='0' aria-controls='toggle-id-10' data-slide-speed=\"200\" data-title=\"Funziona con il Wi-Fi?\" data-title-open=\"\" data-aria_collapsed=\"Clicca per espandere: Funziona con il Wi-Fi?\" data-aria_expanded=\"Fare clic per chiudere: Funziona con il Wi-Fi?\">Funziona con il Wi-Fi?<span class=\"toggle_icon\"><span class=\"vert_icon\"><\/span><span class=\"hor_icon\"><\/span><\/span><\/p><div id='toggle-id-10' aria-labelledby='toggle-toggle-id-10' role='region' class='toggle_wrap  av-title-above'  ><div class='toggle_content invers-color '  itemprop=\"text\" ><p>Si, \u00e8 possibile collegar il player in Wi-Fi, pero la connessione non \u00e8 stabile come con un cavo. Raccomandiamo di utilizzare un cavo ethernet.<\/p>\n<\/div><\/div><\/div><\/section>\n<section class='av_toggle_section av-d5mgg-83e8b1c2c43853814011cad68eb2ade9'  itemscope=\"itemscope\" itemtype=\"https:\/\/schema.org\/CreativeWork\" ><div role=\"tablist\" class=\"single_toggle\" data-tags=\"{Tutto} {Gestione} \"  ><p id='toggle-toggle-id-11' data-fake-id='#toggle-id-11' class='toggler  av-title-above '  itemprop=\"headline\"  role='tab' tabindex='0' aria-controls='toggle-id-11' data-slide-speed=\"200\" data-title=\"Come accedo al Back-Office Visual Activ\u2019?\" data-title-open=\"\" data-aria_collapsed=\"Clicca per espandere: Come accedo al Back-Office Visual Activ\u2019?\" data-aria_expanded=\"Fare clic per chiudere: Come accedo al Back-Office Visual Activ\u2019?\">Come accedo al Back-Office Visual Activ\u2019?<span class=\"toggle_icon\"><span class=\"vert_icon\"><\/span><span class=\"hor_icon\"><\/span><\/span><\/p><div id='toggle-id-11' aria-labelledby='toggle-toggle-id-11' role='region' class='toggle_wrap  av-title-above'  ><div class='toggle_content invers-color '  itemprop=\"text\" ><p>Durante la sua iscrizione, riceverete una mail contenendo il suo Nome d\u2019utilizzatore e le informazioni. Sono informazioni confidenziali, non divulgarle.<\/p>\n<\/div><\/div><\/div><\/section>\n<section class='av_toggle_section av-b6pzk-2016cd48db450047ecd79164045a5592'  itemscope=\"itemscope\" itemtype=\"https:\/\/schema.org\/CreativeWork\" ><div role=\"tablist\" class=\"single_toggle\" data-tags=\"{Tutto} {Gestione} \"  ><p id='toggle-toggle-id-12' data-fake-id='#toggle-id-12' class='toggler  av-title-above '  itemprop=\"headline\"  role='tab' tabindex='0' aria-controls='toggle-id-12' data-slide-speed=\"200\" data-title=\"Come funziona Back-Office Visual Activ\u2019?\" data-title-open=\"\" data-aria_collapsed=\"Clicca per espandere: Come funziona Back-Office Visual Activ\u2019?\" data-aria_expanded=\"Fare clic per chiudere: Come funziona Back-Office Visual Activ\u2019?\">Come funziona Back-Office Visual Activ\u2019?<span class=\"toggle_icon\"><span class=\"vert_icon\"><\/span><span class=\"hor_icon\"><\/span><\/span><\/p><div id='toggle-id-12' aria-labelledby='toggle-toggle-id-12' role='region' class='toggle_wrap  av-title-above'  ><div class='toggle_content invers-color '  itemprop=\"text\" ><p>\u00c8 molto semplice, lei a accesso a diverse librerie di video che abbiamo create e messe alla sua disposizione. Basta assegnare un player ad un gruppo, poi selezionare la Playlist da diffondere sul gruppo.<\/p>\n<li>Si possono creare quanti gruppi e playlist che vuole<\/li>\n<li>Si possono aggiungere i vostri media (foto-video; PDF, flussi RSS)<\/li>\n<li>Si possono pubblicare messaggi scritti in un TIcker e pianificare le diffusioni.<\/li>\n<p>Collegatevi per scoprire tutti i servizi alla sua disposizione.<\/p>\n<\/div><\/div><\/div><\/section>\n<\/div>\n","protected":false},"excerpt":{"rendered":"","protected":false},"author":2,"featured_media":0,"parent":0,"menu_order":0,"comment_status":"closed","ping_status":"open","template":"","meta":{"footnotes":""},"class_list":["post-2374","page","type-page","status-publish","hentry"],"yoast_head":"<!-- This site is optimized with the Yoast SEO plugin v27.3 - https:\/\/yoast.com\/product\/yoast-seo-wordpress\/ -->\n<title>Domande frequenti sul display dinamico - TV per sala d&#039;attesa<\/title>\n<meta name=\"description\" content=\"Domande frequenti sul display dinamico e la gestione del player e il nostro Back-Office. Schermo per professionisti della salute - TV per sala d&#039;attesa\" \/>\n<meta name=\"robots\" content=\"index, follow, max-snippet:-1, max-image-preview:large, max-video-preview:-1\" \/>\n<link rel=\"canonical\" href=\"https:\/\/www.visualactiv.com\/it\/domande-frequenti\/\" \/>\n<meta property=\"og:locale\" content=\"it_IT\" \/>\n<meta property=\"og:type\" content=\"article\" \/>\n<meta property=\"og:title\" content=\"Domande frequenti sul display dinamico - TV per sala d&#039;attesa\" \/>\n<meta property=\"og:description\" content=\"Domande frequenti sul display dinamico e la gestione del player e il nostro Back-Office. Schermo per professionisti della salute - TV per sala d&#039;attesa\" \/>\n<meta property=\"og:url\" content=\"https:\/\/www.visualactiv.com\/it\/domande-frequenti\/\" \/>\n<meta property=\"og:site_name\" content=\"Visual Activ&#039; TV Salle d&#039;attente\" \/>\n<meta property=\"article:publisher\" content=\"https:\/\/www.facebook.com\/visualactiv\" \/>\n<meta property=\"article:modified_time\" content=\"2020-04-21T09:06:46+00:00\" \/>\n<meta property=\"og:image\" content=\"https:\/\/www.visualactiv.com\/wp-content\/uploads\/visual-activ-logo.png\" \/>\n\t<meta property=\"og:image:width\" content=\"310\" \/>\n\t<meta property=\"og:image:height\" content=\"264\" \/>\n\t<meta property=\"og:image:type\" content=\"image\/png\" \/>\n<meta name=\"twitter:card\" content=\"summary_large_image\" \/>\n<meta name=\"twitter:site\" content=\"@visualactive\" \/>\n<meta name=\"twitter:label1\" content=\"Tempo di lettura stimato\" \/>\n\t<meta name=\"twitter:data1\" content=\"4 minuti\" \/>\n<script type=\"application\/ld+json\" class=\"yoast-schema-graph\">{\"@context\":\"https:\\\/\\\/schema.org\",\"@graph\":[{\"@type\":\"WebPage\",\"@id\":\"https:\\\/\\\/www.visualactiv.com\\\/it\\\/domande-frequenti\\\/\",\"url\":\"https:\\\/\\\/www.visualactiv.com\\\/it\\\/domande-frequenti\\\/\",\"name\":\"Domande frequenti sul display dinamico - TV per sala d'attesa\",\"isPartOf\":{\"@id\":\"https:\\\/\\\/www.visualactiv.com\\\/it\\\/#website\"},\"datePublished\":\"2018-09-13T13:45:15+00:00\",\"dateModified\":\"2020-04-21T09:06:46+00:00\",\"description\":\"Domande frequenti sul display dinamico e la gestione del player e il nostro Back-Office. Schermo per professionisti della salute - TV per sala d'attesa\",\"breadcrumb\":{\"@id\":\"https:\\\/\\\/www.visualactiv.com\\\/it\\\/domande-frequenti\\\/#breadcrumb\"},\"inLanguage\":\"it-IT\",\"potentialAction\":[{\"@type\":\"ReadAction\",\"target\":[\"https:\\\/\\\/www.visualactiv.com\\\/it\\\/domande-frequenti\\\/\"]}]},{\"@type\":\"BreadcrumbList\",\"@id\":\"https:\\\/\\\/www.visualactiv.com\\\/it\\\/domande-frequenti\\\/#breadcrumb\",\"itemListElement\":[{\"@type\":\"ListItem\",\"position\":1,\"name\":\"Accueil\",\"item\":\"https:\\\/\\\/www.visualactiv.com\\\/it\\\/\"},{\"@type\":\"ListItem\",\"position\":2,\"name\":\"FAQ\"}]},{\"@type\":\"WebSite\",\"@id\":\"https:\\\/\\\/www.visualactiv.com\\\/it\\\/#website\",\"url\":\"https:\\\/\\\/www.visualactiv.com\\\/it\\\/\",\"name\":\"Visual Activ&#039; TV Salle d&#039;attente\",\"description\":\"Tv Salle d&#039;attente\",\"potentialAction\":[{\"@type\":\"SearchAction\",\"target\":{\"@type\":\"EntryPoint\",\"urlTemplate\":\"https:\\\/\\\/www.visualactiv.com\\\/it\\\/?s={search_term_string}\"},\"query-input\":{\"@type\":\"PropertyValueSpecification\",\"valueRequired\":true,\"valueName\":\"search_term_string\"}}],\"inLanguage\":\"it-IT\"}]}<\/script>\n<!-- \/ Yoast SEO plugin. -->","yoast_head_json":{"title":"Domande frequenti sul display dinamico - TV per sala d'attesa","description":"Domande frequenti sul display dinamico e la gestione del player e il nostro Back-Office. Schermo per professionisti della salute - TV per sala d'attesa","robots":{"index":"index","follow":"follow","max-snippet":"max-snippet:-1","max-image-preview":"max-image-preview:large","max-video-preview":"max-video-preview:-1"},"canonical":"https:\/\/www.visualactiv.com\/it\/domande-frequenti\/","og_locale":"it_IT","og_type":"article","og_title":"Domande frequenti sul display dinamico - TV per sala d'attesa","og_description":"Domande frequenti sul display dinamico e la gestione del player e il nostro Back-Office. Schermo per professionisti della salute - TV per sala d'attesa","og_url":"https:\/\/www.visualactiv.com\/it\/domande-frequenti\/","og_site_name":"Visual Activ&#039; TV Salle d&#039;attente","article_publisher":"https:\/\/www.facebook.com\/visualactiv","article_modified_time":"2020-04-21T09:06:46+00:00","og_image":[{"width":310,"height":264,"url":"https:\/\/www.visualactiv.com\/wp-content\/uploads\/visual-activ-logo.png","type":"image\/png"}],"twitter_card":"summary_large_image","twitter_site":"@visualactive","twitter_misc":{"Tempo di lettura stimato":"4 minuti"},"schema":{"@context":"https:\/\/schema.org","@graph":[{"@type":"WebPage","@id":"https:\/\/www.visualactiv.com\/it\/domande-frequenti\/","url":"https:\/\/www.visualactiv.com\/it\/domande-frequenti\/","name":"Domande frequenti sul display dinamico - TV per sala d'attesa","isPartOf":{"@id":"https:\/\/www.visualactiv.com\/it\/#website"},"datePublished":"2018-09-13T13:45:15+00:00","dateModified":"2020-04-21T09:06:46+00:00","description":"Domande frequenti sul display dinamico e la gestione del player e il nostro Back-Office. Schermo per professionisti della salute - TV per sala d'attesa","breadcrumb":{"@id":"https:\/\/www.visualactiv.com\/it\/domande-frequenti\/#breadcrumb"},"inLanguage":"it-IT","potentialAction":[{"@type":"ReadAction","target":["https:\/\/www.visualactiv.com\/it\/domande-frequenti\/"]}]},{"@type":"BreadcrumbList","@id":"https:\/\/www.visualactiv.com\/it\/domande-frequenti\/#breadcrumb","itemListElement":[{"@type":"ListItem","position":1,"name":"Accueil","item":"https:\/\/www.visualactiv.com\/it\/"},{"@type":"ListItem","position":2,"name":"FAQ"}]},{"@type":"WebSite","@id":"https:\/\/www.visualactiv.com\/it\/#website","url":"https:\/\/www.visualactiv.com\/it\/","name":"Visual Activ&#039; TV Salle d&#039;attente","description":"Tv Salle d&#039;attente","potentialAction":[{"@type":"SearchAction","target":{"@type":"EntryPoint","urlTemplate":"https:\/\/www.visualactiv.com\/it\/?s={search_term_string}"},"query-input":{"@type":"PropertyValueSpecification","valueRequired":true,"valueName":"search_term_string"}}],"inLanguage":"it-IT"}]}},"_links":{"self":[{"href":"https:\/\/www.visualactiv.com\/it\/wp-json\/wp\/v2\/pages\/2374","targetHints":{"allow":["GET"]}}],"collection":[{"href":"https:\/\/www.visualactiv.com\/it\/wp-json\/wp\/v2\/pages"}],"about":[{"href":"https:\/\/www.visualactiv.com\/it\/wp-json\/wp\/v2\/types\/page"}],"author":[{"embeddable":true,"href":"https:\/\/www.visualactiv.com\/it\/wp-json\/wp\/v2\/users\/2"}],"replies":[{"embeddable":true,"href":"https:\/\/www.visualactiv.com\/it\/wp-json\/wp\/v2\/comments?post=2374"}],"version-history":[{"count":0,"href":"https:\/\/www.visualactiv.com\/it\/wp-json\/wp\/v2\/pages\/2374\/revisions"}],"wp:attachment":[{"href":"https:\/\/www.visualactiv.com\/it\/wp-json\/wp\/v2\/media?parent=2374"}],"curies":[{"name":"wp","href":"https:\/\/api.w.org\/{rel}","templated":true}]}}