{"id":4629,"date":"2019-07-16T09:08:02","date_gmt":"2019-07-16T08:08:02","guid":{"rendered":"https:\/\/www.visualactiv.com\/merci\/"},"modified":"2022-12-13T15:11:49","modified_gmt":"2022-12-13T14:11:49","slug":"gracias","status":"publish","type":"page","link":"https:\/\/www.visualactiv.com\/es\/gracias\/","title":{"rendered":"Gracias"},"content":{"rendered":"\n<style type=\"text\/css\" data-created_by=\"avia_inline_auto\" id=\"style-css-av-lbmaxv0g-622a434717f6eee38d718df03c1ac5f6\">\n.avia-section.av-lbmaxv0g-622a434717f6eee38d718df03c1ac5f6{\nbackground-repeat:no-repeat;\nbackground-image:url(https:\/\/www.visualactiv.com\/wp-content\/uploads\/Visual-Activ-TV-Fond-1.jpg);\nbackground-position:50% 50%;\nbackground-attachment:scroll;\n}\n.avia-section.av-lbmaxv0g-622a434717f6eee38d718df03c1ac5f6 .av-section-color-overlay{\nopacity:0.8;\nbackground-color:#1e73be;\n}\n<\/style>\n<div id='av_section_1'  class='avia-section av-lbmaxv0g-622a434717f6eee38d718df03c1ac5f6 main_color avia-section-default avia-no-border-styling  avia-builder-el-0  el_before_av_textblock  avia-builder-el-first  avia-full-stretch avia-bg-style-scroll av-section-color-overlay-active container_wrap sidebar_right'  data-section-bg-repeat='stretch'><div class=\"av-section-color-overlay-wrap\"><div class=\"av-section-color-overlay\"><\/div><div class='container av-section-cont-open' ><main  role=\"main\" itemprop=\"mainContentOfPage\"  class='template-page content  av-content-small alpha units'><div class='post-entry post-entry-type-page post-entry-4629'><div class='entry-content-wrapper clearfix'>\n\n<style type=\"text\/css\" data-created_by=\"avia_inline_auto\" id=\"style-css-av-lbmaxiwc-9de8d1ab784b68772d89ce07faafe0f9\">\n#top .av_textblock_section.av-lbmaxiwc-9de8d1ab784b68772d89ce07faafe0f9 .avia_textblock{\ncolor:#ffffff;\n}\n<\/style>\n<section  class='av_textblock_section av-lbmaxiwc-9de8d1ab784b68772d89ce07faafe0f9 '   itemscope=\"itemscope\" itemtype=\"https:\/\/schema.org\/CreativeWork\" ><div class='avia_textblock av_inherit_color'  itemprop=\"text\" ><h1 style=\"text-align: center;\">Visual Activ&#8217;<br \/>\n<span style=\"font-weight: 300;\">GRACIAS<\/span><\/h1>\n<\/div><\/section>\n<\/div><\/div><\/main><!-- close content main element --><\/div><\/div><\/div><div id='after_section_1'  class='main_color av_default_container_wrap container_wrap sidebar_right'  ><div class='container av-section-cont-open' ><div class='template-page content  av-content-small alpha units'><div class='post-entry post-entry-type-page post-entry-4629'><div class='entry-content-wrapper clearfix'>\n<style type=\"text\/css\" data-created_by=\"avia_inline_auto\" id=\"style-css-av-jy5jammc-2155fef3220198d198595b98cda148c0\">\n#top .av_textblock_section.av-jy5jammc-2155fef3220198d198595b98cda148c0 .avia_textblock{\nfont-size:20px;\n}\n<\/style>\n<section  class='av_textblock_section av-jy5jammc-2155fef3220198d198595b98cda148c0 '   itemscope=\"itemscope\" itemtype=\"https:\/\/schema.org\/CreativeWork\" ><div class='avia_textblock'  itemprop=\"text\" ><p style=\"text-align: center;\">Nuestro equipo se pondr\u00e1 en contacto con usted en los pr\u00f3ximos d\u00edas.<\/p>\n<p style=\"text-align: center;\">Gracias por su inter\u00e9s en Visual Activ&#8217;.<\/p>\n<p style=\"text-align: center;\"><strong>Hasta pronto!<\/strong><\/p>\n<\/div><\/section><\/p>\n\n<style type=\"text\/css\" data-created_by=\"avia_inline_auto\" id=\"style-css-av-jy5jrndz-bfa16a00d749347d697f5758fdbd8c78\">\n#top .hr.hr-invisible.av-jy5jrndz-bfa16a00d749347d697f5758fdbd8c78{\nheight:60px;\n}\n<\/style>\n<div  class='hr av-jy5jrndz-bfa16a00d749347d697f5758fdbd8c78 hr-invisible  avia-builder-el-3  el_after_av_textblock  avia-builder-el-last '><span class='hr-inner '><span class=\"hr-inner-style\"><\/span><\/span><\/div>\n","protected":false},"excerpt":{"rendered":"","protected":false},"author":4,"featured_media":0,"parent":0,"menu_order":0,"comment_status":"closed","ping_status":"closed","template":"","meta":{"footnotes":""},"class_list":["post-4629","page","type-page","status-publish","hentry"],"yoast_head":"<!-- This site is optimized with the Yoast SEO plugin v27.3 - https:\/\/yoast.com\/product\/yoast-seo-wordpress\/ -->\n<title>Gracias<\/title>\n<meta name=\"description\" content=\"Gracias\" \/>\n<meta name=\"robots\" content=\"noindex, nofollow\" \/>\n<meta property=\"og:locale\" content=\"es_ES\" \/>\n<meta property=\"og:type\" content=\"article\" \/>\n<meta property=\"og:title\" content=\"Gracias\" \/>\n<meta property=\"og:description\" content=\"Gracias\" \/>\n<meta property=\"og:url\" content=\"https:\/\/www.visualactiv.com\/es\/gracias\/\" \/>\n<meta property=\"og:site_name\" content=\"Visual Activ&#039; TV Salle d&#039;attente\" \/>\n<meta property=\"article:publisher\" content=\"https:\/\/www.facebook.com\/visualactiv\" \/>\n<meta property=\"article:modified_time\" content=\"2022-12-13T14:11:49+00:00\" \/>\n<meta property=\"og:image\" content=\"https:\/\/www.visualactiv.com\/wp-content\/uploads\/visual-activ-logo.png\" \/>\n\t<meta property=\"og:image:width\" content=\"310\" \/>\n\t<meta property=\"og:image:height\" content=\"264\" \/>\n\t<meta property=\"og:image:type\" content=\"image\/png\" \/>\n<meta name=\"twitter:card\" content=\"summary_large_image\" \/>\n<meta name=\"twitter:site\" content=\"@visualactive\" \/>\n<meta name=\"twitter:label1\" content=\"Tiempo de lectura\" \/>\n\t<meta name=\"twitter:data1\" content=\"1 minuto\" \/>\n<script type=\"application\/ld+json\" class=\"yoast-schema-graph\">{\"@context\":\"https:\\\/\\\/schema.org\",\"@graph\":[{\"@type\":\"WebPage\",\"@id\":\"https:\\\/\\\/www.visualactiv.com\\\/es\\\/gracias\\\/\",\"url\":\"https:\\\/\\\/www.visualactiv.com\\\/es\\\/gracias\\\/\",\"name\":\"Gracias\",\"isPartOf\":{\"@id\":\"https:\\\/\\\/www.visualactiv.com\\\/es\\\/#website\"},\"datePublished\":\"2019-07-16T08:08:02+00:00\",\"dateModified\":\"2022-12-13T14:11:49+00:00\",\"description\":\"Gracias\",\"breadcrumb\":{\"@id\":\"https:\\\/\\\/www.visualactiv.com\\\/es\\\/gracias\\\/#breadcrumb\"},\"inLanguage\":\"es\",\"potentialAction\":[{\"@type\":\"ReadAction\",\"target\":[\"https:\\\/\\\/www.visualactiv.com\\\/es\\\/gracias\\\/\"]}]},{\"@type\":\"BreadcrumbList\",\"@id\":\"https:\\\/\\\/www.visualactiv.com\\\/es\\\/gracias\\\/#breadcrumb\",\"itemListElement\":[{\"@type\":\"ListItem\",\"position\":1,\"name\":\"Accueil\",\"item\":\"https:\\\/\\\/www.visualactiv.com\\\/es\\\/tv-en-sala-de-espera\\\/\"},{\"@type\":\"ListItem\",\"position\":2,\"name\":\"Gracias\"}]},{\"@type\":\"WebSite\",\"@id\":\"https:\\\/\\\/www.visualactiv.com\\\/es\\\/#website\",\"url\":\"https:\\\/\\\/www.visualactiv.com\\\/es\\\/\",\"name\":\"Visual Activ&#039; TV Salle d&#039;attente\",\"description\":\"Tv Salle d&#039;attente\",\"potentialAction\":[{\"@type\":\"SearchAction\",\"target\":{\"@type\":\"EntryPoint\",\"urlTemplate\":\"https:\\\/\\\/www.visualactiv.com\\\/es\\\/?s={search_term_string}\"},\"query-input\":{\"@type\":\"PropertyValueSpecification\",\"valueRequired\":true,\"valueName\":\"search_term_string\"}}],\"inLanguage\":\"es\"}]}<\/script>\n<!-- \/ Yoast SEO plugin. -->","yoast_head_json":{"title":"Gracias","description":"Gracias","robots":{"index":"noindex","follow":"nofollow"},"og_locale":"es_ES","og_type":"article","og_title":"Gracias","og_description":"Gracias","og_url":"https:\/\/www.visualactiv.com\/es\/gracias\/","og_site_name":"Visual Activ&#039; TV Salle d&#039;attente","article_publisher":"https:\/\/www.facebook.com\/visualactiv","article_modified_time":"2022-12-13T14:11:49+00:00","og_image":[{"width":310,"height":264,"url":"https:\/\/www.visualactiv.com\/wp-content\/uploads\/visual-activ-logo.png","type":"image\/png"}],"twitter_card":"summary_large_image","twitter_site":"@visualactive","twitter_misc":{"Tiempo de lectura":"1 minuto"},"schema":{"@context":"https:\/\/schema.org","@graph":[{"@type":"WebPage","@id":"https:\/\/www.visualactiv.com\/es\/gracias\/","url":"https:\/\/www.visualactiv.com\/es\/gracias\/","name":"Gracias","isPartOf":{"@id":"https:\/\/www.visualactiv.com\/es\/#website"},"datePublished":"2019-07-16T08:08:02+00:00","dateModified":"2022-12-13T14:11:49+00:00","description":"Gracias","breadcrumb":{"@id":"https:\/\/www.visualactiv.com\/es\/gracias\/#breadcrumb"},"inLanguage":"es","potentialAction":[{"@type":"ReadAction","target":["https:\/\/www.visualactiv.com\/es\/gracias\/"]}]},{"@type":"BreadcrumbList","@id":"https:\/\/www.visualactiv.com\/es\/gracias\/#breadcrumb","itemListElement":[{"@type":"ListItem","position":1,"name":"Accueil","item":"https:\/\/www.visualactiv.com\/es\/tv-en-sala-de-espera\/"},{"@type":"ListItem","position":2,"name":"Gracias"}]},{"@type":"WebSite","@id":"https:\/\/www.visualactiv.com\/es\/#website","url":"https:\/\/www.visualactiv.com\/es\/","name":"Visual Activ&#039; TV Salle d&#039;attente","description":"Tv Salle d&#039;attente","potentialAction":[{"@type":"SearchAction","target":{"@type":"EntryPoint","urlTemplate":"https:\/\/www.visualactiv.com\/es\/?s={search_term_string}"},"query-input":{"@type":"PropertyValueSpecification","valueRequired":true,"valueName":"search_term_string"}}],"inLanguage":"es"}]}},"_links":{"self":[{"href":"https:\/\/www.visualactiv.com\/es\/wp-json\/wp\/v2\/pages\/4629","targetHints":{"allow":["GET"]}}],"collection":[{"href":"https:\/\/www.visualactiv.com\/es\/wp-json\/wp\/v2\/pages"}],"about":[{"href":"https:\/\/www.visualactiv.com\/es\/wp-json\/wp\/v2\/types\/page"}],"author":[{"embeddable":true,"href":"https:\/\/www.visualactiv.com\/es\/wp-json\/wp\/v2\/users\/4"}],"replies":[{"embeddable":true,"href":"https:\/\/www.visualactiv.com\/es\/wp-json\/wp\/v2\/comments?post=4629"}],"version-history":[{"count":0,"href":"https:\/\/www.visualactiv.com\/es\/wp-json\/wp\/v2\/pages\/4629\/revisions"}],"wp:attachment":[{"href":"https:\/\/www.visualactiv.com\/es\/wp-json\/wp\/v2\/media?parent=4629"}],"curies":[{"name":"wp","href":"https:\/\/api.w.org\/{rel}","templated":true}]}}