{"id":4534,"date":"2016-04-20T16:53:30","date_gmt":"2016-04-20T15:53:30","guid":{"rendered":"https:\/\/www.visualactiv.com\/videos\/"},"modified":"2021-05-27T08:56:05","modified_gmt":"2021-05-27T07:56:05","slug":"videos-hd","status":"publish","type":"page","link":"https:\/\/www.visualactiv.com\/es\/videos-hd\/","title":{"rendered":"V\u00cdDEOS SALA DE ESPERA PROFESIONAL DE SALUD"},"content":{"rendered":"\n<style type=\"text\/css\" data-created_by=\"avia_inline_auto\" id=\"style-css-av-av_heading-f7775c53e1b5e7f52c6f3db8fb3f5f04\">\n#top .av-special-heading.av-av_heading-f7775c53e1b5e7f52c6f3db8fb3f5f04{\npadding-bottom:10px;\n}\nbody .av-special-heading.av-av_heading-f7775c53e1b5e7f52c6f3db8fb3f5f04 .av-special-heading-tag .heading-char{\nfont-size:25px;\n}\n.av-special-heading.av-av_heading-f7775c53e1b5e7f52c6f3db8fb3f5f04 .av-subheading{\nfont-size:15px;\n}\n<\/style>\n<div  class='av-special-heading av-av_heading-f7775c53e1b5e7f52c6f3db8fb3f5f04 av-special-heading-h1 blockquote modern-quote modern-centered  avia-builder-el-0  el_before_av_textblock  avia-builder-el-first  av-linked-heading'><h1 class='av-special-heading-tag '  itemprop=\"headline\"  >VISUAL ACTIV\u2019 &#8211; VISUALIZACI\u00d3N DIN\u00c1MICA DE LA SALUD<\/h1><div class=\"special-heading-border\"><div class=\"special-heading-inner-border\"><\/div><\/div><\/div>\n\n<style type=\"text\/css\" data-created_by=\"avia_inline_auto\" id=\"style-css-av-e19gv-17b3074ec8260cdd1cbc8109b2fb9e70\">\n#top .av_textblock_section.av-e19gv-17b3074ec8260cdd1cbc8109b2fb9e70 .avia_textblock{\ncolor:#7bb0e7;\n}\n<\/style>\n<section  class='av_textblock_section av-e19gv-17b3074ec8260cdd1cbc8109b2fb9e70 '   itemscope=\"itemscope\" itemtype=\"https:\/\/schema.org\/CreativeWork\" ><div class='avia_textblock av_inherit_color'  itemprop=\"text\" ><h3 style=\"text-align: center;\">Especialista en TV en sala de espera para profesionales de la salud<\/h3>\n<\/div><\/section>\n\n<style type=\"text\/css\" data-created_by=\"avia_inline_auto\" id=\"style-css-av-kp6lqteq-0180a8e460b7958f8eeb68f2e262b575\">\n#top .av_textblock_section.av-kp6lqteq-0180a8e460b7958f8eeb68f2e262b575 .avia_textblock{\ncolor:#7bb0e7;\n}\n<\/style>\n<section  class='av_textblock_section av-kp6lqteq-0180a8e460b7958f8eeb68f2e262b575 '   itemscope=\"itemscope\" itemtype=\"https:\/\/schema.org\/CreativeWork\" ><div class='avia_textblock av_inherit_color'  itemprop=\"text\" ><h4 style=\"text-align: center;\"><span style=\"color: #000000;\">Estos son algunos ejemplos de los 500 videoclips que ofrecemos<\/span><\/h4>\n<\/div><\/section>\n\n<style type=\"text\/css\" data-created_by=\"avia_inline_auto\" id=\"style-css-av-k8w80v0t-4b826115d5036522d53fe14cfa647845\">\n.av-tab-section-outer-container.av-k8w80v0t-4b826115d5036522d53fe14cfa647845 .av-tab-section-tab-title-container{\nbackground-color:#2b98ca;\n}\n#top .av-tab-section-outer-container.av-k8w80v0t-4b826115d5036522d53fe14cfa647845 .av-section-tab-title{\ncolor:#ffffff;\n}\n<\/style>\n<\/div><\/div><\/div><!-- close content main div --><\/div><\/div><div id='av-tab-section-1'  class='av-tab-section-container entry-content-wrapper main_color av-tab-no-transition   av-tab-above-content  avia-builder-el-3  el_after_av_textblock  avia-builder-el-last  tab-section-not-first container_wrap sidebar_right'  ><div class='av-tab-section-outer-container av-k8w80v0t-4b826115d5036522d53fe14cfa647845'><div class='av-tab-section-tab-title-container avia-tab-title-padding-default av-custom-tab-color' role='tablist'><a href='#dentista' data-av-tab-section-title='1' class='av-section-tab-title av-active-tab-title no-scroll av-k8w81bxg-3145ba4c75e1889264ded3f1c9ca2874 av-tab-no-icon av-tab-no-image ' role='tab' tabindex='0' aria-controls='av-tab-section-1-1'><span class='av-outer-tab-title'><span class='av-inner-tab-title'>Dentista<\/span><\/span><span class=\"av-tab-arrow-container\"><span><\/span><\/span><\/a><a href='#ortodoncia' data-av-tab-section-title='2' class='av-section-tab-title  av-k8w81bxg-af8a3318300139b2c5a04b19ed56befb av-tab-no-icon av-tab-no-image ' role='tab' tabindex='0' aria-controls='av-tab-section-1-2'><span class='av-outer-tab-title'><span class='av-inner-tab-title'>Ortodoncia<\/span><\/span><span class=\"av-tab-arrow-container\"><span><\/span><\/span><\/a><a href='#visual-activ' data-av-tab-section-title='3' class='av-section-tab-title  av-k8w81bxg-30a39b66abdc790073d8558b2f42ec1d av-tab-no-icon av-tab-no-image ' role='tab' tabindex='0' aria-controls='av-tab-section-1-3'><span class='av-outer-tab-title'><span class='av-inner-tab-title'>Visual Activ\u2019<\/span><\/span><span class=\"av-tab-arrow-container\"><span><\/span><\/span><\/a><\/div><div class='avia-slideshow-arrows av-tabsection-arrow' ><a href='#prev' class='prev-slide av_prev_tab_section av-tab-section-slide avia-svg-icon avia-font-svg_entypo-fontello' data-av_svg_icon='left-open-big' data-av_iconset='svg_entypo-fontello' tabindex='-1' title=\"Anterior\"><svg version=\"1.1\" xmlns=\"http:\/\/www.w3.org\/2000\/svg\" width=\"15\" height=\"32\" viewBox=\"0 0 15 32\" preserveAspectRatio=\"xMidYMid meet\" aria-labelledby='av-svg-title-1' aria-describedby='av-svg-desc-1' role=\"graphics-symbol\" aria-hidden=\"true\">\n<title id='av-svg-title-1'>Anterior<\/title>\n<desc id='av-svg-desc-1'>Anterior<\/desc>\n<path d=\"M14.464 27.84q0.832 0.832 0 1.536-0.832 0.832-1.536 0l-12.544-12.608q-0.768-0.768 0-1.6l12.544-12.608q0.704-0.832 1.536 0 0.832 0.704 0 1.536l-11.456 11.904z\"><\/path>\n<\/svg><span class='avia_hidden_link_text'>Anterior<\/span><\/a><a href='#next' class='next-slide av_next_tab_section av-tab-section-slide avia-svg-icon avia-font-svg_entypo-fontello' data-av_svg_icon='right-open-big' data-av_iconset='svg_entypo-fontello' tabindex='-1' title=\"Posterior\"><svg version=\"1.1\" xmlns=\"http:\/\/www.w3.org\/2000\/svg\" width=\"15\" height=\"32\" viewBox=\"0 0 15 32\" preserveAspectRatio=\"xMidYMid meet\" aria-labelledby='av-svg-title-2' aria-describedby='av-svg-desc-2' role=\"graphics-symbol\" aria-hidden=\"true\">\n<title id='av-svg-title-2'>Posterior<\/title>\n<desc id='av-svg-desc-2'>Posterior<\/desc>\n<path d=\"M0.416 27.84l11.456-11.84-11.456-11.904q-0.832-0.832 0-1.536 0.832-0.832 1.536 0l12.544 12.608q0.768 0.832 0 1.6l-12.544 12.608q-0.704 0.832-1.536 0-0.832-0.704 0-1.536z\"><\/path>\n<\/svg><span class='avia_hidden_link_text'>Posterior<\/span><\/a><\/div><div class='av-tab-section-inner-container avia-section-default' style='width:300vw; left:0%;'><span class=\"av_prev_tab_section av_tab_navigation\"><\/span><span class=\"av_next_tab_section av_tab_navigation\"><\/span>\n\n<style type=\"text\/css\" data-created_by=\"avia_inline_auto\" id=\"style-css-av-k8w81bxg-3145ba4c75e1889264ded3f1c9ca2874\">\n.av-layout-tab.av-k8w81bxg-3145ba4c75e1889264ded3f1c9ca2874{\nvertical-align:top;\n}\n#top .av-tab-section-outer-container.av-k8w80v0t-4b826115d5036522d53fe14cfa647845 .av-active-tab-title.av-section-tab-title.av-k8w81bxg-3145ba4c75e1889264ded3f1c9ca2874{\ncolor:#ffffff;\n}\n#top .av-tab-section-outer-container.av-k8w80v0t-4b826115d5036522d53fe14cfa647845 .av-active-tab-title.av-section-tab-title.av-k8w81bxg-3145ba4c75e1889264ded3f1c9ca2874 .avia-svg-icon svg:first-child{\nfill:#ffffff;\nstroke:#ffffff;\n}\n<\/style>\n<div id='av-tab-section-1-1' class='av-layout-tab av-k8w81bxg-3145ba4c75e1889264ded3f1c9ca2874 av-animation-delay-container  avia-builder-el-4  el_before_av_tab_sub_section  avia-builder-el-first  av-active-tab-content __av_init_open ' data-av-deeplink-tabs=\"\" data-av-tab-section-content=\"1\" data-tab-section-id=\"dentista\"><div class=\"av-layout-tab-inner\"><div class=\"container\"><p>\n<style type=\"text\/css\" data-created_by=\"avia_inline_auto\" id=\"style-css-av-av_one_third-79ff81c021393065cee878051452f6a6\">\n.flex_column.av-av_one_third-79ff81c021393065cee878051452f6a6{\nborder-radius:0px 0px 0px 0px;\npadding:0px 0px 0px 0px;\n}\n<\/style>\n<div  class='flex_column av-av_one_third-79ff81c021393065cee878051452f6a6 av_one_third  avia-builder-el-5  el_before_av_one_third  avia-builder-el-first  first flex_column_div av-zero-column-padding  '     ><\/div>\n<style type=\"text\/css\" data-created_by=\"avia_inline_auto\" id=\"style-css-av-av_one_third-49f6e875884219cf77c24341e550af53\">\n.flex_column.av-av_one_third-49f6e875884219cf77c24341e550af53{\nborder-radius:0px 0px 0px 0px;\npadding:0px 0px 0px 0px;\n}\n<\/style>\n<div  class='flex_column av-av_one_third-49f6e875884219cf77c24341e550af53 av_one_third  avia-builder-el-7  el_after_av_one_third  el_before_av_one_third  flex_column_div av-zero-column-padding  '     ><\/div>\n<style type=\"text\/css\" data-created_by=\"avia_inline_auto\" id=\"style-css-av-av_one_third-49f6e875884219cf77c24341e550af53\">\n.flex_column.av-av_one_third-49f6e875884219cf77c24341e550af53{\nborder-radius:0px 0px 0px 0px;\npadding:0px 0px 0px 0px;\n}\n<\/style>\n<div  class='flex_column av-av_one_third-49f6e875884219cf77c24341e550af53 av_one_third  avia-builder-el-9  el_after_av_one_third  el_before_av_one_third  flex_column_div av-zero-column-padding  '     ><\/div>\n<style type=\"text\/css\" data-created_by=\"avia_inline_auto\" id=\"style-css-av-av_one_third-79ff81c021393065cee878051452f6a6\">\n.flex_column.av-av_one_third-79ff81c021393065cee878051452f6a6{\nborder-radius:0px 0px 0px 0px;\npadding:0px 0px 0px 0px;\n}\n<\/style>\n<div  class='flex_column av-av_one_third-79ff81c021393065cee878051452f6a6 av_one_third  avia-builder-el-11  el_after_av_one_third  el_before_av_one_third  first flex_column_div av-zero-column-padding  column-top-margin'     ><\/div>\n<style type=\"text\/css\" data-created_by=\"avia_inline_auto\" id=\"style-css-av-av_one_third-49f6e875884219cf77c24341e550af53\">\n.flex_column.av-av_one_third-49f6e875884219cf77c24341e550af53{\nborder-radius:0px 0px 0px 0px;\npadding:0px 0px 0px 0px;\n}\n<\/style>\n<div  class='flex_column av-av_one_third-49f6e875884219cf77c24341e550af53 av_one_third  avia-builder-el-13  el_after_av_one_third  el_before_av_one_third  flex_column_div av-zero-column-padding  column-top-margin'     ><\/div>\n<style type=\"text\/css\" data-created_by=\"avia_inline_auto\" id=\"style-css-av-av_one_third-49f6e875884219cf77c24341e550af53\">\n.flex_column.av-av_one_third-49f6e875884219cf77c24341e550af53{\nborder-radius:0px 0px 0px 0px;\npadding:0px 0px 0px 0px;\n}\n<\/style>\n<div  class='flex_column av-av_one_third-49f6e875884219cf77c24341e550af53 av_one_third  avia-builder-el-15  el_after_av_one_third  avia-builder-el-last  flex_column_div av-zero-column-padding  column-top-margin'     ><\/div><\/p>\n<\/div><\/div><\/div>\n<style type=\"text\/css\" data-created_by=\"avia_inline_auto\" id=\"style-css-av-k8w81bxg-af8a3318300139b2c5a04b19ed56befb\">\n.av-layout-tab.av-k8w81bxg-af8a3318300139b2c5a04b19ed56befb{\nvertical-align:top;\n}\n#top .av-tab-section-outer-container.av-k8w80v0t-4b826115d5036522d53fe14cfa647845 .av-active-tab-title.av-section-tab-title.av-k8w81bxg-af8a3318300139b2c5a04b19ed56befb{\ncolor:#ffffff;\n}\n#top .av-tab-section-outer-container.av-k8w80v0t-4b826115d5036522d53fe14cfa647845 .av-active-tab-title.av-section-tab-title.av-k8w81bxg-af8a3318300139b2c5a04b19ed56befb .avia-svg-icon svg:first-child{\nfill:#ffffff;\nstroke:#ffffff;\n}\n<\/style>\n<div id='av-tab-section-1-2' class='av-layout-tab av-k8w81bxg-af8a3318300139b2c5a04b19ed56befb av-animation-delay-container  avia-builder-el-17  el_after_av_tab_sub_section  el_before_av_tab_sub_section  ' data-av-deeplink-tabs=\"\" data-av-tab-section-content=\"2\" data-tab-section-id=\"ortodoncia\"><div class=\"av-layout-tab-inner\"><div class=\"container\">\n<style type=\"text\/css\" data-created_by=\"avia_inline_auto\" id=\"style-css-av-av_one_third-79ff81c021393065cee878051452f6a6\">\n.flex_column.av-av_one_third-79ff81c021393065cee878051452f6a6{\nborder-radius:0px 0px 0px 0px;\npadding:0px 0px 0px 0px;\n}\n<\/style>\n<div  class='flex_column av-av_one_third-79ff81c021393065cee878051452f6a6 av_one_third  avia-builder-el-18  avia-builder-el-no-sibling  first flex_column_div av-zero-column-padding  '     ><\/div>\n<\/div><\/div><\/div>\n<style type=\"text\/css\" data-created_by=\"avia_inline_auto\" id=\"style-css-av-k8w81bxg-30a39b66abdc790073d8558b2f42ec1d\">\n.av-layout-tab.av-k8w81bxg-30a39b66abdc790073d8558b2f42ec1d{\nvertical-align:top;\n}\n#top .av-tab-section-outer-container.av-k8w80v0t-4b826115d5036522d53fe14cfa647845 .av-active-tab-title.av-section-tab-title.av-k8w81bxg-30a39b66abdc790073d8558b2f42ec1d{\ncolor:#ffffff;\n}\n#top .av-tab-section-outer-container.av-k8w80v0t-4b826115d5036522d53fe14cfa647845 .av-active-tab-title.av-section-tab-title.av-k8w81bxg-30a39b66abdc790073d8558b2f42ec1d .avia-svg-icon svg:first-child{\nfill:#ffffff;\nstroke:#ffffff;\n}\n<\/style>\n<div id='av-tab-section-1-3' class='av-layout-tab av-k8w81bxg-30a39b66abdc790073d8558b2f42ec1d av-animation-delay-container  avia-builder-el-20  el_after_av_tab_sub_section  avia-builder-el-last  ' data-av-deeplink-tabs=\"\" data-av-tab-section-content=\"3\" data-tab-section-id=\"visual-activ\"><div class=\"av-layout-tab-inner\"><div class=\"container\">\n<style type=\"text\/css\" data-created_by=\"avia_inline_auto\" id=\"style-css-av-av_one_half-79ff81c021393065cee878051452f6a6\">\n.flex_column.av-av_one_half-79ff81c021393065cee878051452f6a6{\nborder-radius:0px 0px 0px 0px;\npadding:0px 0px 0px 0px;\n}\n<\/style>\n<div  class='flex_column av-av_one_half-79ff81c021393065cee878051452f6a6 av_one_half  avia-builder-el-21  avia-builder-el-no-sibling  first flex_column_div av-zero-column-padding  '     ><\/div>\n<\/div><\/div><\/div>\n<\/div><\/div><\/div>\n","protected":false},"excerpt":{"rendered":"","protected":false},"author":4,"featured_media":0,"parent":0,"menu_order":0,"comment_status":"closed","ping_status":"closed","template":"","meta":{"footnotes":""},"class_list":["post-4534","page","type-page","status-publish","hentry"],"yoast_head":"<!-- This site is optimized with the Yoast SEO plugin v27.3 - https:\/\/yoast.com\/product\/yoast-seo-wordpress\/ -->\n<title>V\u00eddeos en alta definici\u00f3n para sala de espera - V\u00eddeo pedag\u00f3gico<\/title>\n<meta name=\"description\" content=\"V\u00eddeos en alta definici\u00f3n para pantallas, TV en sala de espera. Dentista, Oftalm\u00f3logo, Rermat\u00f3logo, Reumat\u00f3logo, Medicina Est\u00e9tica, Ortopedista, Generalista\" \/>\n<meta name=\"robots\" content=\"index, follow, max-snippet:-1, max-image-preview:large, max-video-preview:-1\" \/>\n<link rel=\"canonical\" href=\"https:\/\/www.visualactiv.com\/es\/videos-hd\/\" \/>\n<meta property=\"og:locale\" content=\"es_ES\" \/>\n<meta property=\"og:type\" content=\"article\" \/>\n<meta property=\"og:title\" content=\"V\u00eddeos en alta definici\u00f3n para sala de espera - V\u00eddeo pedag\u00f3gico\" \/>\n<meta property=\"og:description\" content=\"V\u00eddeos en alta definici\u00f3n para pantallas, TV en sala de espera. Dentista, Oftalm\u00f3logo, Rermat\u00f3logo, Reumat\u00f3logo, Medicina Est\u00e9tica, Ortopedista, Generalista\" \/>\n<meta property=\"og:url\" content=\"https:\/\/www.visualactiv.com\/es\/videos-hd\/\" \/>\n<meta property=\"og:site_name\" content=\"Visual Activ&#039; TV Salle d&#039;attente\" \/>\n<meta property=\"article:publisher\" content=\"https:\/\/www.facebook.com\/visualactiv\" \/>\n<meta property=\"article:modified_time\" content=\"2021-05-27T07:56:05+00:00\" \/>\n<meta property=\"og:image\" content=\"https:\/\/www.visualactiv.com\/wp-content\/uploads\/visual-activ-logo.png\" \/>\n\t<meta property=\"og:image:width\" content=\"310\" \/>\n\t<meta property=\"og:image:height\" content=\"264\" \/>\n\t<meta property=\"og:image:type\" content=\"image\/png\" \/>\n<meta name=\"twitter:card\" content=\"summary_large_image\" \/>\n<meta name=\"twitter:site\" content=\"@visualactive\" \/>\n<meta name=\"twitter:label1\" content=\"Tiempo de lectura\" \/>\n\t<meta name=\"twitter:data1\" content=\"8 minutos\" \/>\n<script type=\"application\/ld+json\" class=\"yoast-schema-graph\">{\"@context\":\"https:\\\/\\\/schema.org\",\"@graph\":[{\"@type\":\"WebPage\",\"@id\":\"https:\\\/\\\/www.visualactiv.com\\\/es\\\/videos-hd\\\/\",\"url\":\"https:\\\/\\\/www.visualactiv.com\\\/es\\\/videos-hd\\\/\",\"name\":\"V\u00eddeos en alta definici\u00f3n para sala de espera - V\u00eddeo pedag\u00f3gico\",\"isPartOf\":{\"@id\":\"https:\\\/\\\/www.visualactiv.com\\\/es\\\/#website\"},\"datePublished\":\"2016-04-20T15:53:30+00:00\",\"dateModified\":\"2021-05-27T07:56:05+00:00\",\"description\":\"V\u00eddeos en alta definici\u00f3n para pantallas, TV en sala de espera. Dentista, Oftalm\u00f3logo, Rermat\u00f3logo, Reumat\u00f3logo, Medicina Est\u00e9tica, Ortopedista, Generalista\",\"breadcrumb\":{\"@id\":\"https:\\\/\\\/www.visualactiv.com\\\/es\\\/videos-hd\\\/#breadcrumb\"},\"inLanguage\":\"es\",\"potentialAction\":[{\"@type\":\"ReadAction\",\"target\":[\"https:\\\/\\\/www.visualactiv.com\\\/es\\\/videos-hd\\\/\"]}]},{\"@type\":\"BreadcrumbList\",\"@id\":\"https:\\\/\\\/www.visualactiv.com\\\/es\\\/videos-hd\\\/#breadcrumb\",\"itemListElement\":[{\"@type\":\"ListItem\",\"position\":1,\"name\":\"Accueil\",\"item\":\"https:\\\/\\\/www.visualactiv.com\\\/es\\\/tv-en-sala-de-espera\\\/\"},{\"@type\":\"ListItem\",\"position\":2,\"name\":\"V\u00cdDEOS SALA DE ESPERA PROFESIONAL DE SALUD\"}]},{\"@type\":\"WebSite\",\"@id\":\"https:\\\/\\\/www.visualactiv.com\\\/es\\\/#website\",\"url\":\"https:\\\/\\\/www.visualactiv.com\\\/es\\\/\",\"name\":\"Visual Activ&#039; TV Salle d&#039;attente\",\"description\":\"Tv Salle d&#039;attente\",\"potentialAction\":[{\"@type\":\"SearchAction\",\"target\":{\"@type\":\"EntryPoint\",\"urlTemplate\":\"https:\\\/\\\/www.visualactiv.com\\\/es\\\/?s={search_term_string}\"},\"query-input\":{\"@type\":\"PropertyValueSpecification\",\"valueRequired\":true,\"valueName\":\"search_term_string\"}}],\"inLanguage\":\"es\"}]}<\/script>\n<!-- \/ Yoast SEO plugin. -->","yoast_head_json":{"title":"V\u00eddeos en alta definici\u00f3n para sala de espera - V\u00eddeo pedag\u00f3gico","description":"V\u00eddeos en alta definici\u00f3n para pantallas, TV en sala de espera. Dentista, Oftalm\u00f3logo, Rermat\u00f3logo, Reumat\u00f3logo, Medicina Est\u00e9tica, Ortopedista, Generalista","robots":{"index":"index","follow":"follow","max-snippet":"max-snippet:-1","max-image-preview":"max-image-preview:large","max-video-preview":"max-video-preview:-1"},"canonical":"https:\/\/www.visualactiv.com\/es\/videos-hd\/","og_locale":"es_ES","og_type":"article","og_title":"V\u00eddeos en alta definici\u00f3n para sala de espera - V\u00eddeo pedag\u00f3gico","og_description":"V\u00eddeos en alta definici\u00f3n para pantallas, TV en sala de espera. Dentista, Oftalm\u00f3logo, Rermat\u00f3logo, Reumat\u00f3logo, Medicina Est\u00e9tica, Ortopedista, Generalista","og_url":"https:\/\/www.visualactiv.com\/es\/videos-hd\/","og_site_name":"Visual Activ&#039; TV Salle d&#039;attente","article_publisher":"https:\/\/www.facebook.com\/visualactiv","article_modified_time":"2021-05-27T07:56:05+00:00","og_image":[{"width":310,"height":264,"url":"https:\/\/www.visualactiv.com\/wp-content\/uploads\/visual-activ-logo.png","type":"image\/png"}],"twitter_card":"summary_large_image","twitter_site":"@visualactive","twitter_misc":{"Tiempo de lectura":"8 minutos"},"schema":{"@context":"https:\/\/schema.org","@graph":[{"@type":"WebPage","@id":"https:\/\/www.visualactiv.com\/es\/videos-hd\/","url":"https:\/\/www.visualactiv.com\/es\/videos-hd\/","name":"V\u00eddeos en alta definici\u00f3n para sala de espera - V\u00eddeo pedag\u00f3gico","isPartOf":{"@id":"https:\/\/www.visualactiv.com\/es\/#website"},"datePublished":"2016-04-20T15:53:30+00:00","dateModified":"2021-05-27T07:56:05+00:00","description":"V\u00eddeos en alta definici\u00f3n para pantallas, TV en sala de espera. Dentista, Oftalm\u00f3logo, Rermat\u00f3logo, Reumat\u00f3logo, Medicina Est\u00e9tica, Ortopedista, Generalista","breadcrumb":{"@id":"https:\/\/www.visualactiv.com\/es\/videos-hd\/#breadcrumb"},"inLanguage":"es","potentialAction":[{"@type":"ReadAction","target":["https:\/\/www.visualactiv.com\/es\/videos-hd\/"]}]},{"@type":"BreadcrumbList","@id":"https:\/\/www.visualactiv.com\/es\/videos-hd\/#breadcrumb","itemListElement":[{"@type":"ListItem","position":1,"name":"Accueil","item":"https:\/\/www.visualactiv.com\/es\/tv-en-sala-de-espera\/"},{"@type":"ListItem","position":2,"name":"V\u00cdDEOS SALA DE ESPERA PROFESIONAL DE SALUD"}]},{"@type":"WebSite","@id":"https:\/\/www.visualactiv.com\/es\/#website","url":"https:\/\/www.visualactiv.com\/es\/","name":"Visual Activ&#039; TV Salle d&#039;attente","description":"Tv Salle d&#039;attente","potentialAction":[{"@type":"SearchAction","target":{"@type":"EntryPoint","urlTemplate":"https:\/\/www.visualactiv.com\/es\/?s={search_term_string}"},"query-input":{"@type":"PropertyValueSpecification","valueRequired":true,"valueName":"search_term_string"}}],"inLanguage":"es"}]}},"_links":{"self":[{"href":"https:\/\/www.visualactiv.com\/es\/wp-json\/wp\/v2\/pages\/4534","targetHints":{"allow":["GET"]}}],"collection":[{"href":"https:\/\/www.visualactiv.com\/es\/wp-json\/wp\/v2\/pages"}],"about":[{"href":"https:\/\/www.visualactiv.com\/es\/wp-json\/wp\/v2\/types\/page"}],"author":[{"embeddable":true,"href":"https:\/\/www.visualactiv.com\/es\/wp-json\/wp\/v2\/users\/4"}],"replies":[{"embeddable":true,"href":"https:\/\/www.visualactiv.com\/es\/wp-json\/wp\/v2\/comments?post=4534"}],"version-history":[{"count":0,"href":"https:\/\/www.visualactiv.com\/es\/wp-json\/wp\/v2\/pages\/4534\/revisions"}],"wp:attachment":[{"href":"https:\/\/www.visualactiv.com\/es\/wp-json\/wp\/v2\/media?parent=4534"}],"curies":[{"name":"wp","href":"https:\/\/api.w.org\/{rel}","templated":true}]}}